{"id":3,"date":"2024-11-26T15:45:37","date_gmt":"2024-11-26T14:45:37","guid":{"rendered":"https:\/\/angival.com\/?page_id=3"},"modified":"2025-02-13T17:51:09","modified_gmt":"2025-02-13T16:51:09","slug":"politica-de-privacidad","status":"publish","type":"page","link":"https:\/\/angival.com\/es\/politica-de-privacidad\/","title":{"rendered":"pol\u00edtica de privacidad"},"content":{"rendered":"<p><\/p>\n\n\n\n<h3 class=\"wp-block-heading\">DISE\u00d1O Y DESARROLLO WEB<\/h3>\n\n\n\n<p>CALAMAR \u2013 www.agencesquid.com<\/p>\n\n\n\n<h3 class=\"wp-block-heading\">1. Informaci\u00f3n legal<\/h3>\n\n\n\n<p>El editor del Sitio es SAS SAS MYCHA (hotel Angival), inscrita en el Registro Mercantil de Chamb\u00e9ry y cuyo n\u00famero SIRET es 937 518 157 00014.<\/p>\n\n\n\n<p>La sede social se encuentra en: 90 rue Jean Moulin 73700 Bourg Saint Maurice<\/p>\n\n\n\n<p>Tel\u00e9fono: 04 79 100 700<br>Correo electr\u00f3nico: hotel@angivalcom<br>Director de publicaci\u00f3n: Sr. Giraud-Pontier<\/p>\n\n\n\n<h3 class=\"wp-block-heading\">&nbsp;<\/h3>\n\n\n\n<h3 class=\"wp-block-heading\">2. Alojamiento del sitio<\/h3>\n\n\n\n<p>El sitio web angival.com est\u00e1 alojado por OVH, sociedad an\u00f3nima simplificada con un capital de 10.000.000 euros, inscrita en el Registro Mercantil de Roubaix-Tourcoing con el n\u00famero 424 761 419 00045.<br>Sede central: 2 rue Kellerman 59100 Roubaix Francia<\/p>\n\n\n\n<h3 class=\"wp-block-heading\">&nbsp;<\/h3>\n\n\n\n<h3 class=\"wp-block-heading\">3. Derechos de propiedad intelectual<\/h3>\n\n\n\n<p>El Sitio y la totalidad de su contenido (en particular las marcas, los logotipos, cualquier elemento gr\u00e1fico, textual o inform\u00e1tico del Sitio, incluidas en particular las estructuras de \u00e1rbol, el formato, los art\u00edculos, las presentaciones, las ilustraciones, las fotograf\u00edas y\/o cualquier otro documento) est\u00e1n protegidos por las leyes francesas e internacionales sobre derechos de autor y propiedad intelectual.<br>No se podr\u00e1 hacer ninguna interpretaci\u00f3n a favor de una licencia de uso ni de ning\u00fan derecho de uso de estos elementos.<br>Por tanto, sus representaciones, reproducciones, imbricaciones, distribuciones y redistribuciones, parciales o totales, est\u00e1n prohibidas (art\u00edculo L. 122-4 del C\u00f3digo de la Propiedad Intelectual). Cualquier persona que act\u00fae de este modo sin poder aportar la prueba de una autorizaci\u00f3n previa y expresa del titular de dichos derechos estar\u00e1 sujeta a sanciones relativas al delito de falsificaci\u00f3n (art\u00edculos L. 335-2 y siguientes del C\u00f3digo de la Propiedad Intelectual). SAS SAS MYCHA podr\u00e1 utilizar sus derechos, en particular sus derechos de propiedad intelectual, para iniciar procedimientos, incluidos procedimientos penales.<br>SAS SAS MYCHA se reserva el derecho de mejorar o modificar en cualquier momento la informaci\u00f3n, productos, programas o condiciones de uso descritas en el Sitio, sin incurrir en responsabilidad alguna por ello. Las condiciones y avisos aplicables ser\u00e1n aquellos vigentes en la fecha en que usted se conecte al Sitio.<\/p>\n\n\n\n<h3 class=\"wp-block-heading\">4. Enlaces de hipertexto<\/h3>\n\n\n\n<p>El usuario que es redirigido a un sitio de terceros a trav\u00e9s de un hiperv\u00ednculo establecido hacia otros sitios reconoce que SAS SAS MYCHA no controla el contenido, la informaci\u00f3n, los productos y los servicios ofrecidos en estos sitios. Por consiguiente, SAS SAS MYCHA no podr\u00e1 ser considerada en ning\u00fan caso responsable de ning\u00fan da\u00f1o directo o indirecto resultante del uso de sitios accesibles mediante enlaces de hipertexto.<br>SAS SAS MYCHA tampoco es responsable de los enlaces de hipertexto que apuntan al Sitio.<br>Cualquier persona que desee establecer enlaces de hipertexto que apunten al Sitio deber\u00e1 obtener la autorizaci\u00f3n previa por escrito de SAS SAS MYCHA.<\/p>\n\n\n\n<h3 class=\"wp-block-heading\">5. Limitaci\u00f3n de la garant\u00eda<\/h3>\n\n\n\n<p>SAS SAS MYCHA recuerda a los usuarios de Internet las caracter\u00edsticas y limitaciones de la red Internet. SAS SAS MYCHA no podr\u00e1 ser considerada responsable de ning\u00fan da\u00f1o resultante del acceso al Sitio o, por el contrario, de la imposibilidad de acceder al mismo. SAS SAS MYCHA no podr\u00e1 ser considerado responsable en ning\u00fan caso en caso de indisponibilidad del Sitio, sea cual sea el motivo (fallo t\u00e9cnico, congesti\u00f3n de la red, etc.).<br>El usuario reconoce expresamente que utiliza el Sitio bajo su propio riesgo y exclusiva responsabilidad. SAS SAS MYCHA no podr\u00e1 ser considerada responsable de ning\u00fan da\u00f1o, directo o indirecto, material o inmaterial, ocasionado a los usuarios, a su equipo inform\u00e1tico o de telecomunicaciones, a los datos all\u00ed almacenados y de las consecuencias que de ello pudieran derivarse sobre su actividad personal, profesional o comercial.<br>La informaci\u00f3n contenida en el Sitio se proporciona \u00fanicamente con fines informativos. La informaci\u00f3n publicada en este Sitio se actualiza y revisa peri\u00f3dicamente pero a\u00fan puede contener errores. En cualquier caso, la informaci\u00f3n debe tenerse en cuenta en el momento de su puesta en l\u00ednea y no en el momento de la consulta del Sitio (estos datos pueden haber sido actualizados entre el momento de su descarga y el momento de su lectura). En cualquier caso, SAS SAS MYCHA no podr\u00e1 ser considerado responsable de esta informaci\u00f3n.<\/p>\n\n\n\n<h3 class=\"wp-block-heading\">6. Uso del sitio<\/h3>\n\n\n\n<p>SAS SAS MYCHA ofrece el Sitio principalmente para el uso de sus clientes y de cualquier persona que desee conocer y comprar sus productos y servicios.<br>Cuando te conectas al Sitio:<br>\u2013 usted acepta cumplir con estos t\u00e9rminos y condiciones y, de manera m\u00e1s general, con la legislaci\u00f3n aplicable,<br>\u2013 abstenerse de cualquier recopilaci\u00f3n o uso indebido, en particular de informaci\u00f3n personal a la que pueda tener acceso y, en general, de cualquier acto que pueda perjudicar a terceros.<br>Al completar un formulario y proporcionar informaci\u00f3n, usted acepta:<br>\u2013 proporcionar informaci\u00f3n real, exacta y actualizada en el momento de la entrada y, en particular, no utilizar nombres, t\u00edtulos o direcciones falsos, ni nombres, t\u00edtulos o direcciones sin autorizaci\u00f3n,<br>\u2013 mantener actualizados los datos de registro para garantizar que siempre sean reales y exactos,<br>\u2013 no poner a disposici\u00f3n ni distribuir ninguna informaci\u00f3n, programa o elemento que sea ilegal, reprobable o nocivo (como virus, software de hacking o copia).<br>\u2013 no difundir comentarios, opiniones o informaciones de car\u00e1cter difamatorio, obsceno, violento, racista y m\u00e1s generalmente contrario a las leyes y reglamentos vigentes, a los derechos de las personas y a la moral.<br>En caso de violaci\u00f3n de estas disposiciones, SAS SAS MYCHA se reserva el derecho de prohibirle el acceso al Sitio o a los servicios ofrecidos, bajo su exclusivo riesgo y sin perjuicio de cualquier acci\u00f3n de responsabilidad.<\/p>\n\n\n\n<p>Uso de los datos personales recopilados<\/p>\n\n\n\n<h3 class=\"wp-block-heading\">&nbsp;<\/h3>\n\n\n\n<h3 class=\"wp-block-heading\">7. Comentarios<\/h3>\n\n\n\n<p>Cuando deja un comentario en nuestro sitio web, se recopilan los datos ingresados en el formulario de comentarios, pero tambi\u00e9n su direcci\u00f3n IP y el agente de usuario de su navegador para ayudarnos a detectar comentarios no deseados.<\/p>\n\n\n\n<p>Es posible que se proporcione al servicio Gravatar una cadena an\u00f3nima creada a partir de su direcci\u00f3n de correo electr\u00f3nico (tambi\u00e9n llamada hash) para ver si la est\u00e1 utilizando. La pol\u00edtica de privacidad del servicio Gravatar est\u00e1 disponible aqu\u00ed: https:\/\/automattic.com\/privacy\/. Despu\u00e9s de validar tu comentario, tu foto de perfil ser\u00e1 visible p\u00fablicamente junto a tu comentario.8. Medios de comunicaci\u00f3n<\/p>\n\n\n\n<p>Si es un usuario registrado y est\u00e1 cargando im\u00e1genes al sitio web, le recomendamos que evite cargar im\u00e1genes que contengan datos de coordenadas GPS EXIF. Los visitantes de su sitio web pueden descargar y extraer datos de ubicaci\u00f3n de estas im\u00e1genes.<\/p>\n\n\n\n<h3 class=\"wp-block-heading\">&nbsp;<\/h3>\n\n\n\n<h3 class=\"wp-block-heading\">8. Galletas<\/h3>\n\n\n\n<p>Si deja un comentario en nuestro sitio, puede optar por guardar su nombre, direcci\u00f3n de correo electr\u00f3nico y sitio web en cookies. Estos son para su conveniencia para que no tenga que completar sus datos nuevamente si deja otro comentario m\u00e1s tarde. Estas cookies caducan despu\u00e9s de un a\u00f1o.<\/p>\n\n\n\n<p>Si tiene una cuenta e inicia sesi\u00f3n en este sitio, se crear\u00e1 una cookie temporal para determinar si su navegador acepta cookies. No contiene ning\u00fan dato personal y se eliminar\u00e1 autom\u00e1ticamente al cerrar el navegador.<\/p>\n\n\n\n<p>Cuando inicie sesi\u00f3n, instalaremos varias cookies para guardar su informaci\u00f3n de inicio de sesi\u00f3n y sus opciones de visualizaci\u00f3n de pantalla. La vida \u00fatil de una cookie de inicio de sesi\u00f3n es de dos d\u00edas, la de una cookie de opci\u00f3n de pantalla es de un a\u00f1o. Si marca &quot;Recordarme&quot;, su cookie de inicio de sesi\u00f3n se conservar\u00e1 durante dos semanas. Si cierra la sesi\u00f3n de su cuenta, se eliminar\u00e1 la cookie de inicio de sesi\u00f3n.<\/p>\n\n\n\n<p>Al editar o publicar un art\u00edculo, se guardar\u00e1 una cookie adicional en su navegador. Esta cookie no incluye ning\u00fan dato personal. Simplemente indica el ID del art\u00edculo que acabas de editar. Caduca al cabo de un d\u00eda.<\/p>\n\n\n\n<h3 class=\"wp-block-heading\">&nbsp;<\/h3>\n\n\n\n<h3 class=\"wp-block-heading\">9. Contenido incrustado de otros sitios<\/h3>\n\n\n\n<p>Los art\u00edculos de este sitio pueden incluir contenido incrustado (por ejemplo, v\u00eddeos, im\u00e1genes, art\u00edculos, etc.). El contenido incrustado de otros sitios web se comporta exactamente de la misma manera que si el visitante hubiera visitado el otro sitio web.<\/p>\n\n\n\n<p>Estos sitios web pueden recopilar datos sobre usted, utilizar cookies, incorporar herramientas de seguimiento de terceros y rastrear sus interacciones con ese contenido incorporado si tiene una cuenta y est\u00e1 conectado a ese sitio web.<\/p>\n\n\n\n<h3 class=\"wp-block-heading\">10. Duraci\u00f3n del almacenamiento de sus datos<\/h3>\n\n\n\n<p>Si deja un comentario, el comentario y sus metadatos se conservan indefinidamente. Esto nos permite reconocer y aprobar autom\u00e1ticamente los comentarios posteriores en lugar de dejarlos en la cola de moderaci\u00f3n.<\/p>\n\n\n\n<p>Para los usuarios que se registran en nuestro sitio (si corresponde), tambi\u00e9n almacenamos los datos personales indicados en su perfil. Todos los usuarios pueden ver, editar o eliminar su informaci\u00f3n personal en cualquier momento (excepto su nombre de usuario). Los administradores del sitio tambi\u00e9n pueden ver y editar esta informaci\u00f3n.<\/p>\n\n\n\n<h3 class=\"wp-block-heading\">&nbsp;<\/h3>\n\n\n\n<h3 class=\"wp-block-heading\">11. Los derechos que tienes sobre tus datos<\/h3>\n\n\n\n<p>Si tienes una cuenta o has dejado comentarios en el sitio, puedes solicitar recibir un archivo con todos los datos personales que tenemos sobre ti, incluyendo cualquier dato que nos hayas proporcionado. Tambi\u00e9n puede solicitar la supresi\u00f3n de los datos personales que le conciernen. Esto no incluye datos almacenados con fines administrativos, legales o de seguridad.<\/p>\n\n\n\n<h3 class=\"wp-block-heading\">12. Transmisi\u00f3n de sus datos personales<\/h3>\n\n\n\n<p>Los comentarios de los visitantes pueden revisarse a trav\u00e9s de un servicio de detecci\u00f3n autom\u00e1tica de spam.<\/p>\n\n\n\n<h2 class=\"wp-block-heading\">&nbsp;<\/h2>","protected":false},"excerpt":{"rendered":"<p>DISE\u00d1O WEB\u2026<\/p>","protected":false},"author":1,"featured_media":0,"parent":0,"menu_order":0,"comment_status":"closed","ping_status":"closed","template":"","meta":{"iawp_total_views":107,"footnotes":""},"class_list":["post-3","page","type-page","status-publish","hentry"],"yoast_head":"<!-- This site is optimized with the Yoast SEO plugin v27.2 - https:\/\/yoast.com\/product\/yoast-seo-wordpress\/ -->\n<title>Politique de confidentialit\u00e9 - L&#039;Angival, h\u00f4tel \u00e0 Bourg Saint Maurice<\/title>\n<meta name=\"description\" content=\"D\u00e9couvrez notre politique de confidentialit\u00e9\" \/>\n<meta name=\"robots\" content=\"index, follow, max-snippet:-1, max-image-preview:large, max-video-preview:-1\" \/>\n<link rel=\"canonical\" href=\"https:\/\/angival.com\/es\/politica-de-privacidad\/\" \/>\n<meta property=\"og:locale\" content=\"es_ES\" \/>\n<meta property=\"og:type\" content=\"article\" \/>\n<meta property=\"og:title\" content=\"Politique de confidentialit\u00e9 - L&#039;Angival, h\u00f4tel \u00e0 Bourg Saint Maurice\" \/>\n<meta property=\"og:description\" content=\"D\u00e9couvrez notre politique de confidentialit\u00e9\" \/>\n<meta property=\"og:url\" content=\"https:\/\/angival.com\/es\/politica-de-privacidad\/\" \/>\n<meta property=\"og:site_name\" content=\"L&#039;Angival, h\u00f4tel \u00e0 Bourg Saint Maurice\" \/>\n<meta property=\"article:publisher\" content=\"https:\/\/www.facebook.com\/profile.php?id=100034489135671\" \/>\n<meta property=\"article:modified_time\" content=\"2025-02-13T16:51:09+00:00\" \/>\n<meta name=\"twitter:card\" content=\"summary_large_image\" \/>\n<meta name=\"twitter:label1\" content=\"Tiempo de lectura\" \/>\n\t<meta name=\"twitter:data1\" content=\"8 minutos\" \/>\n<script type=\"application\/ld+json\" class=\"yoast-schema-graph\">{\"@context\":\"https:\/\/schema.org\",\"@graph\":[{\"@type\":\"WebPage\",\"@id\":\"https:\/\/angival.com\/politique-de-confidentialite\/\",\"url\":\"https:\/\/angival.com\/politique-de-confidentialite\/\",\"name\":\"Politique de confidentialit\u00e9 - L&#039;Angival, h\u00f4tel \u00e0 Bourg Saint Maurice\",\"isPartOf\":{\"@id\":\"https:\/\/angival.com\/#website\"},\"datePublished\":\"2024-11-26T14:45:37+00:00\",\"dateModified\":\"2025-02-13T16:51:09+00:00\",\"description\":\"D\u00e9couvrez notre politique de confidentialit\u00e9\",\"breadcrumb\":{\"@id\":\"https:\/\/angival.com\/politique-de-confidentialite\/#breadcrumb\"},\"inLanguage\":\"es\",\"potentialAction\":[{\"@type\":\"ReadAction\",\"target\":[\"https:\/\/angival.com\/politique-de-confidentialite\/\"]}]},{\"@type\":\"BreadcrumbList\",\"@id\":\"https:\/\/angival.com\/politique-de-confidentialite\/#breadcrumb\",\"itemListElement\":[{\"@type\":\"ListItem\",\"position\":1,\"name\":\"Accueil\",\"item\":\"https:\/\/angival.com\/\"},{\"@type\":\"ListItem\",\"position\":2,\"name\":\"Politique de confidentialit\u00e9\"}]},{\"@type\":\"WebSite\",\"@id\":\"https:\/\/angival.com\/#website\",\"url\":\"https:\/\/angival.com\/\",\"name\":\"L'Angival, h\u00f4tel \u00e0 Bourg Saint Maurice\",\"description\":\"\u00c9tablissement familial\",\"publisher\":{\"@id\":\"https:\/\/angival.com\/#organization\"},\"potentialAction\":[{\"@type\":\"SearchAction\",\"target\":{\"@type\":\"EntryPoint\",\"urlTemplate\":\"https:\/\/angival.com\/?s={search_term_string}\"},\"query-input\":{\"@type\":\"PropertyValueSpecification\",\"valueRequired\":true,\"valueName\":\"search_term_string\"}}],\"inLanguage\":\"es\"},{\"@type\":\"Organization\",\"@id\":\"https:\/\/angival.com\/#organization\",\"name\":\"L'Angival, h\u00f4tel \u00e0 Bourg Saint Maurice\",\"url\":\"https:\/\/angival.com\/\",\"logo\":{\"@type\":\"ImageObject\",\"inLanguage\":\"es\",\"@id\":\"https:\/\/angival.com\/#\/schema\/logo\/image\/\",\"url\":\"https:\/\/angival.com\/wp-content\/uploads\/2024\/11\/logo-favicon.png\",\"contentUrl\":\"https:\/\/angival.com\/wp-content\/uploads\/2024\/11\/logo-favicon.png\",\"width\":1535,\"height\":233,\"caption\":\"L'Angival, h\u00f4tel \u00e0 Bourg Saint Maurice\"},\"image\":{\"@id\":\"https:\/\/angival.com\/#\/schema\/logo\/image\/\"},\"sameAs\":[\"https:\/\/www.facebook.com\/profile.php?id=100034489135671\"]}]}<\/script>\n<!-- \/ Yoast SEO plugin. -->","yoast_head_json":{"title":"Pol\u00edtica de privacidad - L'Angival, hotel en Bourg Saint Maurice","description":"Descubra nuestra pol\u00edtica de privacidad","robots":{"index":"index","follow":"follow","max-snippet":"max-snippet:-1","max-image-preview":"max-image-preview:large","max-video-preview":"max-video-preview:-1"},"canonical":"https:\/\/angival.com\/es\/politica-de-privacidad\/","og_locale":"es_ES","og_type":"article","og_title":"Politique de confidentialit\u00e9 - L&#039;Angival, h\u00f4tel \u00e0 Bourg Saint Maurice","og_description":"D\u00e9couvrez notre politique de confidentialit\u00e9","og_url":"https:\/\/angival.com\/es\/politica-de-privacidad\/","og_site_name":"L&#039;Angival, h\u00f4tel \u00e0 Bourg Saint Maurice","article_publisher":"https:\/\/www.facebook.com\/profile.php?id=100034489135671","article_modified_time":"2025-02-13T16:51:09+00:00","twitter_card":"summary_large_image","twitter_misc":{"Tiempo de lectura":"8 minutos"},"schema":{"@context":"https:\/\/schema.org","@graph":[{"@type":"WebPage","@id":"https:\/\/angival.com\/politique-de-confidentialite\/","url":"https:\/\/angival.com\/politique-de-confidentialite\/","name":"Pol\u00edtica de privacidad - L'Angival, hotel en Bourg Saint Maurice","isPartOf":{"@id":"https:\/\/angival.com\/#website"},"datePublished":"2024-11-26T14:45:37+00:00","dateModified":"2025-02-13T16:51:09+00:00","description":"Descubra nuestra pol\u00edtica de privacidad","breadcrumb":{"@id":"https:\/\/angival.com\/politique-de-confidentialite\/#breadcrumb"},"inLanguage":"es","potentialAction":[{"@type":"ReadAction","target":["https:\/\/angival.com\/politique-de-confidentialite\/"]}]},{"@type":"BreadcrumbList","@id":"https:\/\/angival.com\/politique-de-confidentialite\/#breadcrumb","itemListElement":[{"@type":"ListItem","position":1,"name":"Accueil","item":"https:\/\/angival.com\/"},{"@type":"ListItem","position":2,"name":"Politique de confidentialit\u00e9"}]},{"@type":"WebSite","@id":"https:\/\/angival.com\/#website","url":"https:\/\/angival.com\/","name":"L'Angival, hotel en Bourg Saint Maurice","description":"Establecimiento familiar","publisher":{"@id":"https:\/\/angival.com\/#organization"},"potentialAction":[{"@type":"SearchAction","target":{"@type":"EntryPoint","urlTemplate":"https:\/\/angival.com\/?s={search_term_string}"},"query-input":{"@type":"PropertyValueSpecification","valueRequired":true,"valueName":"search_term_string"}}],"inLanguage":"es"},{"@type":"Organization","@id":"https:\/\/angival.com\/#organization","name":"L'Angival, hotel en Bourg Saint Maurice","url":"https:\/\/angival.com\/","logo":{"@type":"ImageObject","inLanguage":"es","@id":"https:\/\/angival.com\/#\/schema\/logo\/image\/","url":"https:\/\/angival.com\/wp-content\/uploads\/2024\/11\/logo-favicon.png","contentUrl":"https:\/\/angival.com\/wp-content\/uploads\/2024\/11\/logo-favicon.png","width":1535,"height":233,"caption":"L'Angival, h\u00f4tel \u00e0 Bourg Saint Maurice"},"image":{"@id":"https:\/\/angival.com\/#\/schema\/logo\/image\/"},"sameAs":["https:\/\/www.facebook.com\/profile.php?id=100034489135671"]}]}},"_links":{"self":[{"href":"https:\/\/angival.com\/es\/wp-json\/wp\/v2\/pages\/3","targetHints":{"allow":["GET"]}}],"collection":[{"href":"https:\/\/angival.com\/es\/wp-json\/wp\/v2\/pages"}],"about":[{"href":"https:\/\/angival.com\/es\/wp-json\/wp\/v2\/types\/page"}],"author":[{"embeddable":true,"href":"https:\/\/angival.com\/es\/wp-json\/wp\/v2\/users\/1"}],"replies":[{"embeddable":true,"href":"https:\/\/angival.com\/es\/wp-json\/wp\/v2\/comments?post=3"}],"version-history":[{"count":2,"href":"https:\/\/angival.com\/es\/wp-json\/wp\/v2\/pages\/3\/revisions"}],"predecessor-version":[{"id":4905,"href":"https:\/\/angival.com\/es\/wp-json\/wp\/v2\/pages\/3\/revisions\/4905"}],"wp:attachment":[{"href":"https:\/\/angival.com\/es\/wp-json\/wp\/v2\/media?parent=3"}],"curies":[{"name":"wp","href":"https:\/\/api.w.org\/{rel}","templated":true}]}}