{"id":36413,"date":"2026-03-10T11:37:17","date_gmt":"2026-03-10T10:37:17","guid":{"rendered":"https:\/\/angival.com\/?page_id=36413"},"modified":"2026-03-10T14:03:11","modified_gmt":"2026-03-10T13:03:11","slug":"sala-de-reuniones-bourg-saint-maurice","status":"publish","type":"page","link":"https:\/\/angival.com\/es\/sala-de-reuniones-bourg-saint-maurice\/","title":{"rendered":"Sala de reuniones"},"content":{"rendered":"<div data-elementor-type=\"wp-page\" data-elementor-id=\"36413\" class=\"elementor elementor-36413\">\n\t\t\t\t<div class=\"elementor-element elementor-element-396cd0b e-con-full e-flex parallax_section_no qode_elementor_container_no e-con e-parent\" data-id=\"396cd0b\" data-element_type=\"container\" data-e-type=\"container\">\n\t\t\t\t<div class=\"elementor-element elementor-element-e670340 elementor-widget elementor-widget-spacer\" data-id=\"e670340\" data-element_type=\"widget\" data-e-type=\"widget\" data-widget_type=\"spacer.default\">\n\t\t\t\t<div class=\"elementor-widget-container\">\n\t\t\t\t\t\t\t<div class=\"elementor-spacer\">\n\t\t\t<div class=\"elementor-spacer-inner\"><\/div>\n\t\t<\/div>\n\t\t\t\t\t\t<\/div>\n\t\t\t\t<\/div>\n\t\t\t\t<\/div>\n\t\t<div class=\"elementor-element elementor-element-3ab8fce e-flex e-con-boxed parallax_section_no qode_elementor_container_no e-con e-parent\" data-id=\"3ab8fce\" data-element_type=\"container\" data-e-type=\"container\">\n\t\t\t\t\t<div class=\"e-con-inner\">\n\t\t\t\t<div class=\"elementor-element elementor-element-a09ada4 elementor-widget elementor-widget-heading\" data-id=\"a09ada4\" data-element_type=\"widget\" data-e-type=\"widget\" data-widget_type=\"heading.default\">\n\t\t\t\t<div class=\"elementor-widget-container\">\n\t\t\t\t\t<h1 class=\"elementor-heading-title elementor-size-default\">Nuestra sala de reuniones en el centro de Bourg Saint Maurice<\/h1>\t\t\t\t<\/div>\n\t\t\t\t<\/div>\n\t\t\t\t<div class=\"elementor-element elementor-element-141f417 elementor-widget__width-initial elementor-widget elementor-widget-text-editor\" data-id=\"141f417\" data-element_type=\"widget\" data-e-type=\"widget\" data-widget_type=\"text-editor.default\">\n\t\t\t\t<div class=\"elementor-widget-container\">\n\t\t\t\t\t\t\t\t\t<div><span style=\"font-family: Aptos, sans-serif; font-size: medium; color: #ffffff;\"><span style=\"font-size: medium;\">El Hotel-Restaurante l&#039;Angival, situado en Bourg-Saint-Maurice, ofrece una sala de reuniones modular ideal para sus reuniones profesionales, sesiones de formaci\u00f3n o talleres para grupos peque\u00f1os.<\/span><\/span><\/div><div><span style=\"font-family: Aptos, sans-serif; font-size: medium; color: #ffffff;\"><span style=\"font-size: medium;\">Nuestro espacio puede albergar aproximadamente 16 personas en un ambiente c\u00f3modo y tranquilo, propicio para el trabajo y el debate.<\/span><\/span><\/div>\t\t\t\t\t\t\t\t<\/div>\n\t\t\t\t<\/div>\n\t\t\t\t\t<\/div>\n\t\t\t\t<\/div>\n\t\t<div class=\"elementor-element elementor-element-553d311 e-con-full qode_elementor_container_inner e-flex parallax_section_no e-con e-parent\" data-id=\"553d311\" data-element_type=\"container\" data-e-type=\"container\">\n\t\t<div class=\"elementor-element elementor-element-66fe02e e-con-full qode_elementor_container_inner e-flex parallax_section_no e-con e-child\" data-id=\"66fe02e\" data-element_type=\"container\" data-e-type=\"container\">\n\t\t\t\t<div class=\"elementor-element elementor-element-c9303df elementor-widget__width-initial elementor-widget elementor-widget-bridge_image_with_text\" data-id=\"c9303df\" data-element_type=\"widget\" data-e-type=\"widget\" data-widget_type=\"bridge_image_with_text.default\">\n\t\t\t\t<div class=\"elementor-widget-container\">\n\t\t\t\t\t<div class=\"image_with_text\"><img decoding=\"async\" itemprop=\"image\" src=\"https:\/\/angival.com\/wp-content\/uploads\/2026\/03\/salle-de-reunion-bourg-saint-maurice.jpg\" alt=\"\" \/><h3  class=\"image_with_text_title\"><\/h3><span style=\"margin: 6px 0px;\" class=\"separator transparent\"><\/span><\/div>\t\t\t\t<\/div>\n\t\t\t\t<\/div>\n\t\t\t\t<\/div>\n\t\t<div class=\"elementor-element elementor-element-5fd34be e-con-full e-flex parallax_section_no qode_elementor_container_no e-con e-child\" data-id=\"5fd34be\" data-element_type=\"container\" data-e-type=\"container\">\n\t\t\t\t<div class=\"elementor-element elementor-element-8ed93c3 elementor-widget elementor-widget-text-editor\" data-id=\"8ed93c3\" data-element_type=\"widget\" data-e-type=\"widget\" data-widget_type=\"text-editor.default\">\n\t\t\t\t<div class=\"elementor-widget-container\">\n\t\t\t\t\t\t\t\t\t<h1 class=\"elementor-heading-title elementor-size-default elementor-inline-editing pen\" style=\"background-color: #0b1315; line-height: 61px; font-family: 'Lilita One', sans-serif;\" data-elementor-setting-key=\"title\" data-pen-placeholder=\"\u00c9crivez ici...\">EQUIPO<\/h1>\t\t\t\t\t\t\t\t<\/div>\n\t\t\t\t<\/div>\n\t\t\t\t<div class=\"elementor-element elementor-element-4076072 elementor-widget__width-initial elementor-widget elementor-widget-text-editor\" data-id=\"4076072\" data-element_type=\"widget\" data-e-type=\"widget\" data-widget_type=\"text-editor.default\">\n\t\t\t\t<div class=\"elementor-widget-container\">\n\t\t\t\t\t\t\t\t\t<ul><li><span style=\"font-family: Aptos, sans-serif; font-size: medium; color: #ffffff;\"><span style=\"font-size: medium;\">Una habitaci\u00f3n que se adapta a tus necesidades<\/span><\/span><\/li><li><span style=\"font-family: Aptos, sans-serif; font-size: medium; color: #ffffff;\"><span style=\"font-size: medium;\">Wi-Fi de alta velocidad<\/span><\/span><\/li><li><span style=\"font-family: Aptos, sans-serif; font-size: medium; color: #ffffff;\"><span style=\"font-size: medium;\">Pantalla interactiva para tus presentaciones<\/span><\/span><\/li><\/ul>\t\t\t\t\t\t\t\t<\/div>\n\t\t\t\t<\/div>\n\t\t\t\t<\/div>\n\t\t\t\t<\/div>\n\t\t<div class=\"elementor-element elementor-element-590381d e-con-full qode_elementor_container_inner e-flex parallax_section_no e-con e-parent\" data-id=\"590381d\" data-element_type=\"container\" data-e-type=\"container\">\n\t\t<div class=\"elementor-element elementor-element-e530e2a e-con-full e-flex parallax_section_no qode_elementor_container_no e-con e-child\" data-id=\"e530e2a\" data-element_type=\"container\" data-e-type=\"container\">\n\t\t\t\t<div class=\"elementor-element elementor-element-aa3dde2 elementor-widget elementor-widget-text-editor\" data-id=\"aa3dde2\" data-element_type=\"widget\" data-e-type=\"widget\" data-widget_type=\"text-editor.default\">\n\t\t\t\t<div class=\"elementor-widget-container\">\n\t\t\t\t\t\t\t\t\t<h1 class=\"elementor-heading-title elementor-size-default elementor-inline-editing pen\" style=\"background-color: #0b1315; line-height: 61px; font-family: 'Lilita One', sans-serif;\" data-elementor-setting-key=\"title\" data-pen-placeholder=\"\u00c9crivez ici...\">Servicios<\/h1>\t\t\t\t\t\t\t\t<\/div>\n\t\t\t\t<\/div>\n\t\t\t\t<div class=\"elementor-element elementor-element-d9a6992 elementor-widget__width-initial elementor-widget elementor-widget-text-editor\" data-id=\"d9a6992\" data-element_type=\"widget\" data-e-type=\"widget\" data-widget_type=\"text-editor.default\">\n\t\t\t\t<div class=\"elementor-widget-container\">\n\t\t\t\t\t\t\t\t\t<div><span style=\"font-family: Aptos, sans-serif; font-size: medium; color: #ffffff;\"><span style=\"font-size: medium;\">Para que tu jornada laboral sea a\u00fan m\u00e1s agradable, te ofrecemos varias opciones:<\/span><\/span><\/div><ul><li><span style=\"font-family: Aptos, sans-serif; font-size: medium; color: #ffffff;\"><span style=\"font-size: medium;\">Pausa para el caf\u00e9<\/span><\/span><\/li><li><span style=\"font-family: Aptos, sans-serif; font-size: medium; color: #ffffff;\"><span style=\"font-size: medium;\">Men\u00fa del almuerzo en el restaurante<\/span><\/span><\/li><li><span style=\"font-family: Aptos, sans-serif; font-size: medium; color: #ffffff;\"><span style=\"font-size: medium;\">Un aperitivo amistoso con bebidas y platos para compartir.<\/span><\/span><\/li><\/ul>\t\t\t\t\t\t\t\t<\/div>\n\t\t\t\t<\/div>\n\t\t\t\t<\/div>\n\t\t<div class=\"elementor-element elementor-element-7675320 e-con-full qode_elementor_container_inner e-flex parallax_section_no e-con e-child\" data-id=\"7675320\" data-element_type=\"container\" data-e-type=\"container\">\n\t\t\t\t<div class=\"elementor-element elementor-element-c6a120d elementor-widget__width-initial elementor-widget elementor-widget-bridge_image_with_text\" data-id=\"c6a120d\" data-element_type=\"widget\" data-e-type=\"widget\" data-widget_type=\"bridge_image_with_text.default\">\n\t\t\t\t<div class=\"elementor-widget-container\">\n\t\t\t\t\t<div class=\"image_with_text\"><img decoding=\"async\" itemprop=\"image\" src=\"https:\/\/angival.com\/wp-content\/uploads\/2024\/12\/resto3.jpg\" alt=\"\" \/><h3  class=\"image_with_text_title\"><\/h3><span style=\"margin: 6px 0px;\" class=\"separator transparent\"><\/span><\/div>\t\t\t\t<\/div>\n\t\t\t\t<\/div>\n\t\t\t\t<\/div>\n\t\t\t\t<\/div>\n\t\t<div class=\"elementor-element elementor-element-c32834e e-con-full qode_elementor_container_inner e-flex parallax_section_no e-con e-parent\" data-id=\"c32834e\" data-element_type=\"container\" data-e-type=\"container\">\n\t\t<div class=\"elementor-element elementor-element-1a71cc4 e-con-full qode_elementor_container_inner e-flex parallax_section_no e-con e-child\" data-id=\"1a71cc4\" data-element_type=\"container\" data-e-type=\"container\">\n\t\t\t\t<div class=\"elementor-element elementor-element-84b552b elementor-widget__width-initial elementor-widget elementor-widget-bridge_image_with_text\" data-id=\"84b552b\" data-element_type=\"widget\" data-e-type=\"widget\" data-widget_type=\"bridge_image_with_text.default\">\n\t\t\t\t<div class=\"elementor-widget-container\">\n\t\t\t\t\t<div class=\"image_with_text\"><img decoding=\"async\" itemprop=\"image\" src=\"https:\/\/angival.com\/wp-content\/uploads\/2026\/03\/salle-de-reunion-bourg-saint-maurice.jpg\" alt=\"\" \/><h3  class=\"image_with_text_title\"><\/h3><span style=\"margin: 6px 0px;\" class=\"separator transparent\"><\/span><\/div>\t\t\t\t<\/div>\n\t\t\t\t<\/div>\n\t\t\t\t<\/div>\n\t\t<div class=\"elementor-element elementor-element-e6fefef e-con-full e-flex parallax_section_no qode_elementor_container_no e-con e-child\" data-id=\"e6fefef\" data-element_type=\"container\" data-e-type=\"container\">\n\t\t\t\t<div class=\"elementor-element elementor-element-2715fe8 elementor-widget elementor-widget-text-editor\" data-id=\"2715fe8\" data-element_type=\"widget\" data-e-type=\"widget\" data-widget_type=\"text-editor.default\">\n\t\t\t\t<div class=\"elementor-widget-container\">\n\t\t\t\t\t\t\t\t\t<h1 class=\"elementor-heading-title elementor-size-default elementor-inline-editing pen\" style=\"background-color: #0b1315; line-height: 61px; font-family: 'Lilita One', sans-serif;\" data-elementor-setting-key=\"title\" data-pen-placeholder=\"\u00c9crivez ici...\">Precios<\/h1>\t\t\t\t\t\t\t\t<\/div>\n\t\t\t\t<\/div>\n\t\t\t\t<div class=\"elementor-element elementor-element-f6f9726 elementor-widget__width-initial elementor-widget elementor-widget-text-editor\" data-id=\"f6f9726\" data-element_type=\"widget\" data-e-type=\"widget\" data-widget_type=\"text-editor.default\">\n\t\t\t\t<div class=\"elementor-widget-container\">\n\t\t\t\t\t\t\t\t\t<ul><li><span style=\"font-family: Aptos, sans-serif; font-size: medium; color: #ffffff;\"><span style=\"font-size: medium;\">Por hora: 25\u20ac<\/span><\/span><\/li><li><span style=\"font-family: Aptos, sans-serif; font-size: medium; color: #ffffff;\"><span style=\"font-size: medium;\">Medio d\u00eda: 60\u20ac<\/span><\/span><\/li><li><span style=\"font-family: Aptos, sans-serif; font-size: medium; color: #ffffff;\"><span style=\"font-size: medium;\">D\u00eda: 100\u20ac<\/span><\/span><\/li><li><span style=\"font-family: Aptos, sans-serif; font-size: medium; color: #ffffff;\"><span style=\"font-size: medium;\">Pausa caf\u00e9: 5\u20ac por persona incluye: caf\u00e9 o t\u00e9, zumo de frutas y boller\u00eda.<\/span><\/span><\/li><li><span style=\"font-family: Aptos, sans-serif; font-size: medium; color: #ffffff;\"><span style=\"font-size: medium;\">Opci\u00f3n de almuerzo disponible a solicitud.<\/span><\/span><\/li><li><span style=\"font-family: Aptos, sans-serif; font-size: medium; color: #ffffff;\"><span style=\"font-size: medium;\">Paquete que incluye aperitivo y platos para compartir: precio a consultar<\/span><\/span><\/li><\/ul>\t\t\t\t\t\t\t\t<\/div>\n\t\t\t\t<\/div>\n\t\t\t\t<\/div>\n\t\t\t\t<\/div>\n\t\t<div class=\"elementor-element elementor-element-746f270 e-flex e-con-boxed parallax_section_no qode_elementor_container_no e-con e-parent\" data-id=\"746f270\" data-element_type=\"container\" data-e-type=\"container\">\n\t\t\t\t\t<div class=\"e-con-inner\">\n\t\t<div class=\"elementor-element elementor-element-0f73823 e-con-full e-flex parallax_section_no qode_elementor_container_no e-con e-child\" data-id=\"0f73823\" data-element_type=\"container\" data-e-type=\"container\">\n\t\t\t\t<div class=\"elementor-element elementor-element-8a97461 elementor-widget__width-initial elementor-widget elementor-widget-text-editor\" data-id=\"8a97461\" data-element_type=\"widget\" data-e-type=\"widget\" data-widget_type=\"text-editor.default\">\n\t\t\t\t<div class=\"elementor-widget-container\">\n\t\t\t\t\t\t\t\t\t<h3><span style=\"font-family: Aptos, sans-serif; font-size: medium; color: #ffffff;\"><span style=\"font-size: medium;\">Ya sea por unas horas o por un d\u00eda completo, nuestro equipo le ayudar\u00e1 a personalizar su evento profesional.<\/span><\/span><\/h3><h3><span style=\"font-family: Aptos, sans-serif; font-size: medium; color: #ffffff;\"><span style=\"font-size: medium;\">Cont\u00e1ctanos para concertar tu pr\u00f3xima reuni\u00f3n.<\/span><\/span><\/h3>\t\t\t\t\t\t\t\t<\/div>\n\t\t\t\t<\/div>\n\t\t\t\t<\/div>\n\t\t\t\t\t<\/div>\n\t\t\t\t<\/div>\n\t\t\t\t<\/div>","protected":false},"excerpt":{"rendered":"<p>NUESTRO\u2026<\/p>","protected":false},"author":1,"featured_media":0,"parent":0,"menu_order":0,"comment_status":"closed","ping_status":"closed","template":"full_width.php","meta":{"iawp_total_views":26,"footnotes":""},"class_list":["post-36413","page","type-page","status-publish","hentry"],"yoast_head":"<!-- This site is optimized with the Yoast SEO plugin v27.2 - https:\/\/yoast.com\/product\/yoast-seo-wordpress\/ -->\n<title>Salle de r\u00e9union Bourg Saint Maurice L&#039;Angival, h\u00f4tel \u00e0 Bourg Saint Maurice<\/title>\n<meta name=\"description\" content=\"Salle de r\u00e9union Bourg Saint Maurice. L&#039;h\u00f4tel l&#039;Angival vous propose une salle de r\u00e9union \u00e0 Bourg Saint Maurice.\" \/>\n<meta name=\"robots\" content=\"index, follow, max-snippet:-1, max-image-preview:large, max-video-preview:-1\" \/>\n<link rel=\"canonical\" href=\"https:\/\/angival.com\/es\/sala-de-reuniones-bourg-saint-maurice\/\" \/>\n<meta property=\"og:locale\" content=\"es_ES\" \/>\n<meta property=\"og:type\" content=\"article\" \/>\n<meta property=\"og:title\" content=\"Salle de r\u00e9union Bourg Saint Maurice L&#039;Angival, h\u00f4tel \u00e0 Bourg Saint Maurice\" \/>\n<meta property=\"og:description\" content=\"Salle de r\u00e9union Bourg Saint Maurice. L&#039;h\u00f4tel l&#039;Angival vous propose une salle de r\u00e9union \u00e0 Bourg Saint Maurice.\" \/>\n<meta property=\"og:url\" content=\"https:\/\/angival.com\/es\/sala-de-reuniones-bourg-saint-maurice\/\" \/>\n<meta property=\"og:site_name\" content=\"L&#039;Angival, h\u00f4tel \u00e0 Bourg Saint Maurice\" \/>\n<meta property=\"article:publisher\" content=\"https:\/\/www.facebook.com\/profile.php?id=100034489135671\" \/>\n<meta property=\"article:modified_time\" content=\"2026-03-10T13:03:11+00:00\" \/>\n<meta property=\"og:image\" content=\"https:\/\/angival.com\/wp-content\/uploads\/2026\/03\/salle-de-reunion-bourg-saint-maurice.jpg\" \/>\n<meta name=\"twitter:card\" content=\"summary_large_image\" \/>\n<meta name=\"twitter:label1\" content=\"Tiempo de lectura\" \/>\n\t<meta name=\"twitter:data1\" content=\"2 minutos\" \/>\n<script type=\"application\/ld+json\" class=\"yoast-schema-graph\">{\"@context\":\"https:\/\/schema.org\",\"@graph\":[{\"@type\":\"WebPage\",\"@id\":\"https:\/\/angival.com\/salle-de-reunion-bourg-saint-maurice\/\",\"url\":\"https:\/\/angival.com\/salle-de-reunion-bourg-saint-maurice\/\",\"name\":\"Salle de r\u00e9union Bourg Saint Maurice L&#039;Angival, h\u00f4tel \u00e0 Bourg Saint Maurice\",\"isPartOf\":{\"@id\":\"https:\/\/angival.com\/#website\"},\"primaryImageOfPage\":{\"@id\":\"https:\/\/angival.com\/salle-de-reunion-bourg-saint-maurice\/#primaryimage\"},\"image\":{\"@id\":\"https:\/\/angival.com\/salle-de-reunion-bourg-saint-maurice\/#primaryimage\"},\"thumbnailUrl\":\"https:\/\/angival.com\/wp-content\/uploads\/2026\/03\/salle-de-reunion-bourg-saint-maurice.jpg\",\"datePublished\":\"2026-03-10T10:37:17+00:00\",\"dateModified\":\"2026-03-10T13:03:11+00:00\",\"description\":\"Salle de r\u00e9union Bourg Saint Maurice. L'h\u00f4tel l'Angival vous propose une salle de r\u00e9union \u00e0 Bourg Saint Maurice.\",\"breadcrumb\":{\"@id\":\"https:\/\/angival.com\/salle-de-reunion-bourg-saint-maurice\/#breadcrumb\"},\"inLanguage\":\"es\",\"potentialAction\":[{\"@type\":\"ReadAction\",\"target\":[\"https:\/\/angival.com\/salle-de-reunion-bourg-saint-maurice\/\"]}]},{\"@type\":\"ImageObject\",\"inLanguage\":\"es\",\"@id\":\"https:\/\/angival.com\/salle-de-reunion-bourg-saint-maurice\/#primaryimage\",\"url\":\"https:\/\/angival.com\/wp-content\/uploads\/2026\/03\/salle-de-reunion-bourg-saint-maurice.jpg\",\"contentUrl\":\"https:\/\/angival.com\/wp-content\/uploads\/2026\/03\/salle-de-reunion-bourg-saint-maurice.jpg\"},{\"@type\":\"BreadcrumbList\",\"@id\":\"https:\/\/angival.com\/salle-de-reunion-bourg-saint-maurice\/#breadcrumb\",\"itemListElement\":[{\"@type\":\"ListItem\",\"position\":1,\"name\":\"Accueil\",\"item\":\"https:\/\/angival.com\/\"},{\"@type\":\"ListItem\",\"position\":2,\"name\":\"Salle de r\u00e9union\"}]},{\"@type\":\"WebSite\",\"@id\":\"https:\/\/angival.com\/#website\",\"url\":\"https:\/\/angival.com\/\",\"name\":\"L'Angival, h\u00f4tel \u00e0 Bourg Saint Maurice\",\"description\":\"\u00c9tablissement familial\",\"publisher\":{\"@id\":\"https:\/\/angival.com\/#organization\"},\"potentialAction\":[{\"@type\":\"SearchAction\",\"target\":{\"@type\":\"EntryPoint\",\"urlTemplate\":\"https:\/\/angival.com\/?s={search_term_string}\"},\"query-input\":{\"@type\":\"PropertyValueSpecification\",\"valueRequired\":true,\"valueName\":\"search_term_string\"}}],\"inLanguage\":\"es\"},{\"@type\":\"Organization\",\"@id\":\"https:\/\/angival.com\/#organization\",\"name\":\"L'Angival, h\u00f4tel \u00e0 Bourg Saint Maurice\",\"url\":\"https:\/\/angival.com\/\",\"logo\":{\"@type\":\"ImageObject\",\"inLanguage\":\"es\",\"@id\":\"https:\/\/angival.com\/#\/schema\/logo\/image\/\",\"url\":\"https:\/\/angival.com\/wp-content\/uploads\/2024\/11\/logo-favicon.png\",\"contentUrl\":\"https:\/\/angival.com\/wp-content\/uploads\/2024\/11\/logo-favicon.png\",\"width\":1535,\"height\":233,\"caption\":\"L'Angival, h\u00f4tel \u00e0 Bourg Saint Maurice\"},\"image\":{\"@id\":\"https:\/\/angival.com\/#\/schema\/logo\/image\/\"},\"sameAs\":[\"https:\/\/www.facebook.com\/profile.php?id=100034489135671\"]}]}<\/script>\n<!-- \/ Yoast SEO plugin. -->","yoast_head_json":{"title":"Sala de reuniones Bourg Saint Maurice L'Angival, hotel en Bourg Saint Maurice","description":"Sala de reuniones Bourg Saint Maurice. El hotel Angival ofrece una sala de reuniones en Bourg Saint Maurice.","robots":{"index":"index","follow":"follow","max-snippet":"max-snippet:-1","max-image-preview":"max-image-preview:large","max-video-preview":"max-video-preview:-1"},"canonical":"https:\/\/angival.com\/es\/sala-de-reuniones-bourg-saint-maurice\/","og_locale":"es_ES","og_type":"article","og_title":"Salle de r\u00e9union Bourg Saint Maurice L&#039;Angival, h\u00f4tel \u00e0 Bourg Saint Maurice","og_description":"Salle de r\u00e9union Bourg Saint Maurice. L'h\u00f4tel l'Angival vous propose une salle de r\u00e9union \u00e0 Bourg Saint Maurice.","og_url":"https:\/\/angival.com\/es\/sala-de-reuniones-bourg-saint-maurice\/","og_site_name":"L&#039;Angival, h\u00f4tel \u00e0 Bourg Saint Maurice","article_publisher":"https:\/\/www.facebook.com\/profile.php?id=100034489135671","article_modified_time":"2026-03-10T13:03:11+00:00","og_image":[{"url":"https:\/\/angival.com\/wp-content\/uploads\/2026\/03\/salle-de-reunion-bourg-saint-maurice.jpg","type":"","width":"","height":""}],"twitter_card":"summary_large_image","twitter_misc":{"Tiempo de lectura":"2 minutos"},"schema":{"@context":"https:\/\/schema.org","@graph":[{"@type":"WebPage","@id":"https:\/\/angival.com\/salle-de-reunion-bourg-saint-maurice\/","url":"https:\/\/angival.com\/salle-de-reunion-bourg-saint-maurice\/","name":"Sala de reuniones Bourg Saint Maurice L'Angival, hotel en Bourg Saint Maurice","isPartOf":{"@id":"https:\/\/angival.com\/#website"},"primaryImageOfPage":{"@id":"https:\/\/angival.com\/salle-de-reunion-bourg-saint-maurice\/#primaryimage"},"image":{"@id":"https:\/\/angival.com\/salle-de-reunion-bourg-saint-maurice\/#primaryimage"},"thumbnailUrl":"https:\/\/angival.com\/wp-content\/uploads\/2026\/03\/salle-de-reunion-bourg-saint-maurice.jpg","datePublished":"2026-03-10T10:37:17+00:00","dateModified":"2026-03-10T13:03:11+00:00","description":"Sala de reuniones Bourg Saint Maurice. El hotel Angival ofrece una sala de reuniones en Bourg Saint Maurice.","breadcrumb":{"@id":"https:\/\/angival.com\/salle-de-reunion-bourg-saint-maurice\/#breadcrumb"},"inLanguage":"es","potentialAction":[{"@type":"ReadAction","target":["https:\/\/angival.com\/salle-de-reunion-bourg-saint-maurice\/"]}]},{"@type":"ImageObject","inLanguage":"es","@id":"https:\/\/angival.com\/salle-de-reunion-bourg-saint-maurice\/#primaryimage","url":"https:\/\/angival.com\/wp-content\/uploads\/2026\/03\/salle-de-reunion-bourg-saint-maurice.jpg","contentUrl":"https:\/\/angival.com\/wp-content\/uploads\/2026\/03\/salle-de-reunion-bourg-saint-maurice.jpg"},{"@type":"BreadcrumbList","@id":"https:\/\/angival.com\/salle-de-reunion-bourg-saint-maurice\/#breadcrumb","itemListElement":[{"@type":"ListItem","position":1,"name":"Accueil","item":"https:\/\/angival.com\/"},{"@type":"ListItem","position":2,"name":"Salle de r\u00e9union"}]},{"@type":"WebSite","@id":"https:\/\/angival.com\/#website","url":"https:\/\/angival.com\/","name":"L'Angival, hotel en Bourg Saint Maurice","description":"Establecimiento familiar","publisher":{"@id":"https:\/\/angival.com\/#organization"},"potentialAction":[{"@type":"SearchAction","target":{"@type":"EntryPoint","urlTemplate":"https:\/\/angival.com\/?s={search_term_string}"},"query-input":{"@type":"PropertyValueSpecification","valueRequired":true,"valueName":"search_term_string"}}],"inLanguage":"es"},{"@type":"Organization","@id":"https:\/\/angival.com\/#organization","name":"L'Angival, hotel en Bourg Saint Maurice","url":"https:\/\/angival.com\/","logo":{"@type":"ImageObject","inLanguage":"es","@id":"https:\/\/angival.com\/#\/schema\/logo\/image\/","url":"https:\/\/angival.com\/wp-content\/uploads\/2024\/11\/logo-favicon.png","contentUrl":"https:\/\/angival.com\/wp-content\/uploads\/2024\/11\/logo-favicon.png","width":1535,"height":233,"caption":"L'Angival, h\u00f4tel \u00e0 Bourg Saint Maurice"},"image":{"@id":"https:\/\/angival.com\/#\/schema\/logo\/image\/"},"sameAs":["https:\/\/www.facebook.com\/profile.php?id=100034489135671"]}]}},"_links":{"self":[{"href":"https:\/\/angival.com\/es\/wp-json\/wp\/v2\/pages\/36413","targetHints":{"allow":["GET"]}}],"collection":[{"href":"https:\/\/angival.com\/es\/wp-json\/wp\/v2\/pages"}],"about":[{"href":"https:\/\/angival.com\/es\/wp-json\/wp\/v2\/types\/page"}],"author":[{"embeddable":true,"href":"https:\/\/angival.com\/es\/wp-json\/wp\/v2\/users\/1"}],"replies":[{"embeddable":true,"href":"https:\/\/angival.com\/es\/wp-json\/wp\/v2\/comments?post=36413"}],"version-history":[{"count":34,"href":"https:\/\/angival.com\/es\/wp-json\/wp\/v2\/pages\/36413\/revisions"}],"predecessor-version":[{"id":36463,"href":"https:\/\/angival.com\/es\/wp-json\/wp\/v2\/pages\/36413\/revisions\/36463"}],"wp:attachment":[{"href":"https:\/\/angival.com\/es\/wp-json\/wp\/v2\/media?parent=36413"}],"curies":[{"name":"wp","href":"https:\/\/api.w.org\/{rel}","templated":true}]}}