{"id":2922,"date":"2023-10-11T12:02:10","date_gmt":"2023-10-11T12:02:10","guid":{"rendered":"https:\/\/bridge496.qodeinteractive.com\/?page_id=2922"},"modified":"2025-02-17T08:10:30","modified_gmt":"2025-02-17T07:10:30","slug":"contacteer-hotel-langival","status":"publish","type":"page","link":"https:\/\/angival.com\/nl\/contacteer-hotel-langival\/","title":{"rendered":"Contact"},"content":{"rendered":"<div data-elementor-type=\"wp-page\" data-elementor-id=\"2922\" class=\"elementor elementor-2922\">\n\t\t\t\t<div class=\"elementor-element elementor-element-85fb707 e-con-full e-flex parallax_section_no qode_elementor_container_no e-con e-parent\" data-id=\"85fb707\" data-element_type=\"container\" data-e-type=\"container\">\n\t\t\t\t<div class=\"elementor-element elementor-element-1f211be elementor-widget elementor-widget-google_maps\" data-id=\"1f211be\" data-element_type=\"widget\" data-e-type=\"widget\" data-widget_type=\"google_maps.default\">\n\t\t\t\t<div class=\"elementor-widget-container\">\n\t\t\t\t\t\t\t<div class=\"elementor-custom-embed\">\n\t\t\t<iframe loading=\"lazy\"\n\t\t\t\t\tsrc=\"https:\/\/maps.google.com\/maps?q=hotel%20angival&#038;t=m&#038;z=13&#038;output=embed&#038;iwloc=near\"\n\t\t\t\t\ttitle=\"hotel angival\"\n\t\t\t\t\taria-label=\"hotel angival\"\n\t\t\t><\/iframe>\n\t\t<\/div>\n\t\t\t\t\t\t<\/div>\n\t\t\t\t<\/div>\n\t\t\t\t<\/div>\n\t\t<div class=\"elementor-element elementor-element-c53d42b e-con-full qode_elementor_container_inner e-flex parallax_section_no e-con e-parent\" data-id=\"c53d42b\" data-element_type=\"container\" data-e-type=\"container\">\n\t\t<div class=\"elementor-element elementor-element-4104466 e-con-full e-flex parallax_section_no qode_elementor_container_no e-con e-child\" data-id=\"4104466\" data-element_type=\"container\" data-e-type=\"container\">\n\t\t\t\t<div class=\"elementor-element elementor-element-47839f2a elementor-widget elementor-widget-heading\" data-id=\"47839f2a\" data-element_type=\"widget\" data-e-type=\"widget\" data-widget_type=\"heading.default\">\n\t\t\t\t<div class=\"elementor-widget-container\">\n\t\t\t\t\t<h1 class=\"elementor-heading-title elementor-size-default\">CONTACT<\/h1>\t\t\t\t<\/div>\n\t\t\t\t<\/div>\n\t\t\t\t<div class=\"elementor-element elementor-element-be054fa elementor-widget-tablet__width-initial elementor-widget elementor-widget-bridge_cf_7\" data-id=\"be054fa\" data-element_type=\"widget\" data-e-type=\"widget\" data-widget_type=\"bridge_cf_7.default\">\n\t\t\t\t<div class=\"elementor-widget-container\">\n\t\t\t\t\t    <div class=\"qode-contact-form-7 qode-contact-form-7-0\">\n    \n<div class=\"wpcf7 no-js\" id=\"wpcf7-f4897-o1\" lang=\"en-US\" dir=\"ltr\" data-wpcf7-id=\"4897\">\n<div class=\"screen-reader-response\"><p role=\"status\" aria-live=\"polite\" aria-atomic=\"true\"><\/p> <ul><\/ul><\/div>\n<form action=\"\/nl\/wp-json\/wp\/v2\/pages\/2922#wpcf7-f4897-o1\" method=\"post\" class=\"wpcf7-form init default\" aria-label=\"Contact form\" novalidate=\"novalidate\" data-status=\"init\" data-trp-original-action=\"\/nl\/wp-json\/wp\/v2\/pages\/2922#wpcf7-f4897-o1\">\n<fieldset class=\"hidden-fields-container\"><input type=\"hidden\" name=\"_wpcf7\" value=\"4897\" \/><input type=\"hidden\" name=\"_wpcf7_version\" value=\"6.1.5\" \/><input type=\"hidden\" name=\"_wpcf7_locale\" value=\"en_US\" \/><input type=\"hidden\" name=\"_wpcf7_unit_tag\" value=\"wpcf7-f4897-o1\" \/><input type=\"hidden\" name=\"_wpcf7_container_post\" value=\"0\" \/><input type=\"hidden\" name=\"_wpcf7_posted_data_hash\" value=\"\" \/><input type=\"hidden\" name=\"_wpcf7_recaptcha_response\" value=\"\" \/>\n<\/fieldset>\n<label> Uw naam (verplicht)\n    <span class=\"wpcf7-form-control-wrap\" data-name=\"your-name\"><input size=\"40\" maxlength=\"400\" class=\"wpcf7-form-control wpcf7-text wpcf7-validates-as-required\" aria-required=\"true\" aria-invalid=\"false\" value=\"\" type=\"text\" name=\"your-name\" \/><\/span> <\/label>\n\n<label> Uw e-mailadres (verplicht)\n    <span class=\"wpcf7-form-control-wrap\" data-name=\"your-email\"><input size=\"40\" maxlength=\"400\" class=\"wpcf7-form-control wpcf7-email wpcf7-validates-as-required wpcf7-text wpcf7-validates-as-email\" aria-required=\"true\" aria-invalid=\"false\" value=\"\" type=\"email\" name=\"your-email\" \/><\/span> <\/label>\n\n<label> Onderwerp (verplicht)\n    <span class=\"wpcf7-form-control-wrap\" data-name=\"your-subject\"><input size=\"40\" maxlength=\"400\" class=\"wpcf7-form-control wpcf7-text\" aria-invalid=\"false\" value=\"\" type=\"text\" name=\"your-subject\" \/><\/span> <\/label>\n\n<label> Uw bericht (verplicht)\n    <span class=\"wpcf7-form-control-wrap\" data-name=\"your-message\"><textarea cols=\"40\" rows=\"10\" maxlength=\"2000\" class=\"wpcf7-form-control wpcf7-textarea wpcf7-validates-as-required\" aria-required=\"true\" aria-invalid=\"false\" name=\"your-message\"><\/textarea><\/span> <\/label>\n\n\n<input class=\"wpcf7-form-control wpcf7-submit has-spinner\" type=\"submit\" value=\"Versturen\" \/><div class=\"wpcf7-response-output\" aria-hidden=\"true\"><\/div>\n<input type=\"hidden\" name=\"trp-form-language\" value=\"nl\"\/><\/form>\n<\/div>\n    <\/div>\n\t\t\t\t<\/div>\n\t\t\t\t<\/div>\n\t\t\t\t<\/div>\n\t\t<div class=\"elementor-element elementor-element-eab2ae8 e-flex e-con-boxed parallax_section_no qode_elementor_container_no e-con e-child\" data-id=\"eab2ae8\" data-element_type=\"container\" data-e-type=\"container\">\n\t\t\t\t\t<div class=\"e-con-inner\">\n\t\t<div class=\"elementor-element elementor-element-ee52174 e-flex e-con-boxed parallax_section_no qode_elementor_container_no e-con e-child\" data-id=\"ee52174\" data-element_type=\"container\" data-e-type=\"container\">\n\t\t\t\t\t<div class=\"e-con-inner\">\n\t\t<div class=\"elementor-element elementor-element-8e7711e e-con-full e-flex parallax_section_no qode_elementor_container_no e-con e-child\" data-id=\"8e7711e\" data-element_type=\"container\" data-e-type=\"container\">\n\t\t<div class=\"elementor-element elementor-element-9f3f448 e-flex e-con-boxed parallax_section_no qode_elementor_container_no e-con e-child\" data-id=\"9f3f448\" data-element_type=\"container\" data-e-type=\"container\">\n\t\t\t\t\t<div class=\"e-con-inner\">\n\t\t\t\t<div class=\"elementor-element elementor-element-576d8d6 elementor-widget elementor-widget-heading\" data-id=\"576d8d6\" data-element_type=\"widget\" data-e-type=\"widget\" data-widget_type=\"heading.default\">\n\t\t\t\t<div class=\"elementor-widget-container\">\n\t\t\t\t\t<h2 class=\"elementor-heading-title elementor-size-default\">Adres<\/h2>\t\t\t\t<\/div>\n\t\t\t\t<\/div>\n\t\t\t\t<div class=\"elementor-element elementor-element-66fa303 elementor-widget elementor-widget-text-editor\" data-id=\"66fa303\" data-element_type=\"widget\" data-e-type=\"widget\" data-widget_type=\"text-editor.default\">\n\t\t\t\t<div class=\"elementor-widget-container\">\n\t\t\t\t\t\t\t\t\t<p style=\"text-align: center;\">90, straat Jean Moulin<\/p><p style=\"text-align: center;\">73700 Bourg Saint Maurice<br \/><a href=\"https:\/\/www.google.com\/search?q=langival&amp;oq=langival&amp;gs_lcrp=EgZjaHJvbWUqBggAEEUYOzIGCAAQRRg7MhUIARAuGA0YrwEYxwEYgAQYmAUYmQUyBggCEEUYQDIICAMQABgNGB4yCggEEAAYgAQYogQyCggFEAAYgAQYogQyCggGEAAYgAQYogQyCggHEAAYgAQYogTSAQgxNjkxajBqN6gCALACAA&amp;sourceid=chrome&amp;ie=UTF-8#\" data-dtype=\"d3ph\" data-local-attribute=\"d3ph\" data-ved=\"2ahUKEwiAsK_i_4CKAxW8UqQEHSm0GasQkAgoAHoECDgQAg\"><span aria-label=\"Bel 04 79 07 27 97\">+33 04 79 07 27 97<\/span><\/a><br \/><a style=\"line-height: 36px;\" href=\"mailto:reservations@example.com\">hotel@angival.com<\/a><\/p>\t\t\t\t\t\t\t\t<\/div>\n\t\t\t\t<\/div>\n\t\t\t\t<div class=\"elementor-element elementor-element-c5a3b9a elementor-widget elementor-widget-spacer\" data-id=\"c5a3b9a\" data-element_type=\"widget\" data-e-type=\"widget\" data-widget_type=\"spacer.default\">\n\t\t\t\t<div class=\"elementor-widget-container\">\n\t\t\t\t\t\t\t<div class=\"elementor-spacer\">\n\t\t\t<div class=\"elementor-spacer-inner\"><\/div>\n\t\t<\/div>\n\t\t\t\t\t\t<\/div>\n\t\t\t\t<\/div>\n\t\t\t\t<div class=\"elementor-element elementor-element-e593a7f elementor-widget elementor-widget-heading\" data-id=\"e593a7f\" data-element_type=\"widget\" data-e-type=\"widget\" data-widget_type=\"heading.default\">\n\t\t\t\t<div class=\"elementor-widget-container\">\n\t\t\t\t\t<h2 class=\"elementor-heading-title elementor-size-default\">Parkeren<\/h2>\t\t\t\t<\/div>\n\t\t\t\t<\/div>\n\t\t\t\t<div class=\"elementor-element elementor-element-5ab5c72 elementor-widget elementor-widget-text-editor\" data-id=\"5ab5c72\" data-element_type=\"widget\" data-e-type=\"widget\" data-widget_type=\"text-editor.default\">\n\t\t\t\t<div class=\"elementor-widget-container\">\n\t\t\t\t\t\t\t\t\t<p style=\"text-align: center;\">In het hotel vindt u plaatsen\u00a0<\/p><p style=\"text-align: center;\">gereserveerd voor uw auto&#039;s en motoren\u00a0<\/p><p style=\"text-align: center;\">en een garage voor uw fietsen.<\/p>\t\t\t\t\t\t\t\t<\/div>\n\t\t\t\t<\/div>\n\t\t\t\t\t<\/div>\n\t\t\t\t<\/div>\n\t\t\t\t<\/div>\n\t\t<div class=\"elementor-element elementor-element-813348a e-flex e-con-boxed parallax_section_no qode_elementor_container_no e-con e-child\" data-id=\"813348a\" data-element_type=\"container\" data-e-type=\"container\">\n\t\t\t\t\t<div class=\"e-con-inner\">\n\t\t\t\t\t<\/div>\n\t\t\t\t<\/div>\n\t\t\t\t\t<\/div>\n\t\t\t\t<\/div>\n\t\t\t\t\t<\/div>\n\t\t\t\t<\/div>\n\t\t\t\t<\/div>\n\t\t\t\t<\/div>","protected":false},"excerpt":{"rendered":"<p>CONTACT&#8230;<\/p>","protected":false},"author":1,"featured_media":0,"parent":0,"menu_order":0,"comment_status":"closed","ping_status":"closed","template":"","meta":{"iawp_total_views":1680,"footnotes":""},"class_list":["post-2922","page","type-page","status-publish","hentry"],"yoast_head":"<!-- This site is optimized with the Yoast SEO plugin v27.2 - https:\/\/yoast.com\/product\/yoast-seo-wordpress\/ -->\n<title>Contact h\u00f4tel L&#039;Angival, h\u00f4tel \u00e0 Bourg Saint Maurice avec parking, restaurant et bar<\/title>\n<meta name=\"description\" content=\"Contact h\u00f4tel l&#039;Angival. Contactez-nous par t\u00e9l\u00e9phone au ou par email \u00e0 hotel@angival.com. H\u00f4tel deux \u00e9toiles \u00e0 BOURG SAINT MAURICE\" \/>\n<meta name=\"robots\" content=\"index, follow, max-snippet:-1, max-image-preview:large, max-video-preview:-1\" \/>\n<link rel=\"canonical\" href=\"https:\/\/angival.com\/nl\/contacteer-hotel-langival\/\" \/>\n<meta property=\"og:locale\" content=\"nl_NL\" \/>\n<meta property=\"og:type\" content=\"article\" \/>\n<meta property=\"og:title\" content=\"Contact h\u00f4tel L&#039;Angival, h\u00f4tel \u00e0 Bourg Saint Maurice avec parking, restaurant et bar\" \/>\n<meta property=\"og:description\" content=\"Contact h\u00f4tel l&#039;Angival. Contactez-nous par t\u00e9l\u00e9phone au ou par email \u00e0 hotel@angival.com. H\u00f4tel deux \u00e9toiles \u00e0 BOURG SAINT MAURICE\" \/>\n<meta property=\"og:url\" content=\"https:\/\/angival.com\/nl\/contacteer-hotel-langival\/\" \/>\n<meta property=\"og:site_name\" content=\"L&#039;Angival, h\u00f4tel \u00e0 Bourg Saint Maurice\" \/>\n<meta property=\"article:publisher\" content=\"https:\/\/www.facebook.com\/profile.php?id=100034489135671\" \/>\n<meta property=\"article:modified_time\" content=\"2025-02-17T07:10:30+00:00\" \/>\n<meta name=\"twitter:card\" content=\"summary_large_image\" \/>\n<meta name=\"twitter:label1\" content=\"Geschatte leestijd\" \/>\n\t<meta name=\"twitter:data1\" content=\"1 minuut\" \/>\n<script type=\"application\/ld+json\" class=\"yoast-schema-graph\">{\"@context\":\"https:\/\/schema.org\",\"@graph\":[{\"@type\":\"WebPage\",\"@id\":\"https:\/\/angival.com\/contact-hotel-langival\/\",\"url\":\"https:\/\/angival.com\/contact-hotel-langival\/\",\"name\":\"Contact h\u00f4tel L&#039;Angival, h\u00f4tel \u00e0 Bourg Saint Maurice avec parking, restaurant et bar\",\"isPartOf\":{\"@id\":\"https:\/\/angival.com\/#website\"},\"datePublished\":\"2023-10-11T12:02:10+00:00\",\"dateModified\":\"2025-02-17T07:10:30+00:00\",\"description\":\"Contact h\u00f4tel l'Angival. Contactez-nous par t\u00e9l\u00e9phone au ou par email \u00e0 hotel@angival.com. H\u00f4tel deux \u00e9toiles \u00e0 BOURG SAINT MAURICE\",\"breadcrumb\":{\"@id\":\"https:\/\/angival.com\/contact-hotel-langival\/#breadcrumb\"},\"inLanguage\":\"nl-NL\",\"potentialAction\":[{\"@type\":\"ReadAction\",\"target\":[\"https:\/\/angival.com\/contact-hotel-langival\/\"]}]},{\"@type\":\"BreadcrumbList\",\"@id\":\"https:\/\/angival.com\/contact-hotel-langival\/#breadcrumb\",\"itemListElement\":[{\"@type\":\"ListItem\",\"position\":1,\"name\":\"Accueil\",\"item\":\"https:\/\/angival.com\/\"},{\"@type\":\"ListItem\",\"position\":2,\"name\":\"Contact\"}]},{\"@type\":\"WebSite\",\"@id\":\"https:\/\/angival.com\/#website\",\"url\":\"https:\/\/angival.com\/\",\"name\":\"L'Angival, h\u00f4tel \u00e0 Bourg Saint Maurice\",\"description\":\"\u00c9tablissement familial\",\"publisher\":{\"@id\":\"https:\/\/angival.com\/#organization\"},\"potentialAction\":[{\"@type\":\"SearchAction\",\"target\":{\"@type\":\"EntryPoint\",\"urlTemplate\":\"https:\/\/angival.com\/?s={search_term_string}\"},\"query-input\":{\"@type\":\"PropertyValueSpecification\",\"valueRequired\":true,\"valueName\":\"search_term_string\"}}],\"inLanguage\":\"nl-NL\"},{\"@type\":\"Organization\",\"@id\":\"https:\/\/angival.com\/#organization\",\"name\":\"L'Angival, h\u00f4tel \u00e0 Bourg Saint Maurice\",\"url\":\"https:\/\/angival.com\/\",\"logo\":{\"@type\":\"ImageObject\",\"inLanguage\":\"nl-NL\",\"@id\":\"https:\/\/angival.com\/#\/schema\/logo\/image\/\",\"url\":\"https:\/\/angival.com\/wp-content\/uploads\/2024\/11\/logo-favicon.png\",\"contentUrl\":\"https:\/\/angival.com\/wp-content\/uploads\/2024\/11\/logo-favicon.png\",\"width\":1535,\"height\":233,\"caption\":\"L'Angival, h\u00f4tel \u00e0 Bourg Saint Maurice\"},\"image\":{\"@id\":\"https:\/\/angival.com\/#\/schema\/logo\/image\/\"},\"sameAs\":[\"https:\/\/www.facebook.com\/profile.php?id=100034489135671\"]}]}<\/script>\n<!-- \/ Yoast SEO plugin. -->","yoast_head_json":{"title":"Neem contact op met hotel L'Angival, hotel in Bourg Saint Maurice met parkeergelegenheid, restaurant en bar","description":"Neem contact op met hotel l&#039;Angival. U kunt ons telefonisch bereiken op het nummer of per e-mail op hotel@angival.com. Tweesterrenhotel in BOURG SAINT MAURICE","robots":{"index":"index","follow":"follow","max-snippet":"max-snippet:-1","max-image-preview":"max-image-preview:large","max-video-preview":"max-video-preview:-1"},"canonical":"https:\/\/angival.com\/nl\/contacteer-hotel-langival\/","og_locale":"nl_NL","og_type":"article","og_title":"Contact h\u00f4tel L&#039;Angival, h\u00f4tel \u00e0 Bourg Saint Maurice avec parking, restaurant et bar","og_description":"Contact h\u00f4tel l'Angival. Contactez-nous par t\u00e9l\u00e9phone au ou par email \u00e0 hotel@angival.com. H\u00f4tel deux \u00e9toiles \u00e0 BOURG SAINT MAURICE","og_url":"https:\/\/angival.com\/nl\/contacteer-hotel-langival\/","og_site_name":"L&#039;Angival, h\u00f4tel \u00e0 Bourg Saint Maurice","article_publisher":"https:\/\/www.facebook.com\/profile.php?id=100034489135671","article_modified_time":"2025-02-17T07:10:30+00:00","twitter_card":"summary_large_image","twitter_misc":{"Geschatte leestijd":"1 minuut"},"schema":{"@context":"https:\/\/schema.org","@graph":[{"@type":"WebPage","@id":"https:\/\/angival.com\/contact-hotel-langival\/","url":"https:\/\/angival.com\/contact-hotel-langival\/","name":"Neem contact op met hotel L'Angival, hotel in Bourg Saint Maurice met parkeergelegenheid, restaurant en bar","isPartOf":{"@id":"https:\/\/angival.com\/#website"},"datePublished":"2023-10-11T12:02:10+00:00","dateModified":"2025-02-17T07:10:30+00:00","description":"Neem contact op met hotel l&#039;Angival. U kunt ons telefonisch bereiken op het nummer of per e-mail op hotel@angival.com. Tweesterrenhotel in BOURG SAINT MAURICE","breadcrumb":{"@id":"https:\/\/angival.com\/contact-hotel-langival\/#breadcrumb"},"inLanguage":"nl-NL","potentialAction":[{"@type":"ReadAction","target":["https:\/\/angival.com\/contact-hotel-langival\/"]}]},{"@type":"BreadcrumbList","@id":"https:\/\/angival.com\/contact-hotel-langival\/#breadcrumb","itemListElement":[{"@type":"ListItem","position":1,"name":"Accueil","item":"https:\/\/angival.com\/"},{"@type":"ListItem","position":2,"name":"Contact"}]},{"@type":"WebSite","@id":"https:\/\/angival.com\/#website","url":"https:\/\/angival.com\/","name":"L'Angival, hotel op Bourg Saint Maurice","description":"Familiebedrijf","publisher":{"@id":"https:\/\/angival.com\/#organization"},"potentialAction":[{"@type":"SearchAction","target":{"@type":"EntryPoint","urlTemplate":"https:\/\/angival.com\/?s={search_term_string}"},"query-input":{"@type":"PropertyValueSpecification","valueRequired":true,"valueName":"search_term_string"}}],"inLanguage":"nl-NL"},{"@type":"Organization","@id":"https:\/\/angival.com\/#organization","name":"L'Angival, hotel op Bourg Saint Maurice","url":"https:\/\/angival.com\/","logo":{"@type":"ImageObject","inLanguage":"nl-NL","@id":"https:\/\/angival.com\/#\/schema\/logo\/image\/","url":"https:\/\/angival.com\/wp-content\/uploads\/2024\/11\/logo-favicon.png","contentUrl":"https:\/\/angival.com\/wp-content\/uploads\/2024\/11\/logo-favicon.png","width":1535,"height":233,"caption":"L'Angival, h\u00f4tel \u00e0 Bourg Saint Maurice"},"image":{"@id":"https:\/\/angival.com\/#\/schema\/logo\/image\/"},"sameAs":["https:\/\/www.facebook.com\/profile.php?id=100034489135671"]}]}},"_links":{"self":[{"href":"https:\/\/angival.com\/nl\/wp-json\/wp\/v2\/pages\/2922","targetHints":{"allow":["GET"]}}],"collection":[{"href":"https:\/\/angival.com\/nl\/wp-json\/wp\/v2\/pages"}],"about":[{"href":"https:\/\/angival.com\/nl\/wp-json\/wp\/v2\/types\/page"}],"author":[{"embeddable":true,"href":"https:\/\/angival.com\/nl\/wp-json\/wp\/v2\/users\/1"}],"replies":[{"embeddable":true,"href":"https:\/\/angival.com\/nl\/wp-json\/wp\/v2\/comments?post=2922"}],"version-history":[{"count":64,"href":"https:\/\/angival.com\/nl\/wp-json\/wp\/v2\/pages\/2922\/revisions"}],"predecessor-version":[{"id":5575,"href":"https:\/\/angival.com\/nl\/wp-json\/wp\/v2\/pages\/2922\/revisions\/5575"}],"wp:attachment":[{"href":"https:\/\/angival.com\/nl\/wp-json\/wp\/v2\/media?parent=2922"}],"curies":[{"name":"wp","href":"https:\/\/api.w.org\/{rel}","templated":true}]}}