{"id":3052,"date":"2023-10-17T10:19:13","date_gmt":"2023-10-17T10:19:13","guid":{"rendered":"https:\/\/bridge496.qodeinteractive.com\/?page_id=3052"},"modified":"2025-02-17T08:11:43","modified_gmt":"2025-02-17T07:11:43","slug":"noticias-hotel-langival","status":"publish","type":"page","link":"https:\/\/angival.com\/pt\/noticias-hotel-langival\/","title":{"rendered":"Not\u00edcias"},"content":{"rendered":"<div data-elementor-type=\"wp-page\" data-elementor-id=\"3052\" class=\"elementor elementor-3052\">\n\t\t\t\t<div class=\"elementor-element elementor-element-d1a266d e-flex e-con-boxed parallax_section_no qode_elementor_container_no e-con e-parent\" data-id=\"d1a266d\" data-element_type=\"container\" data-e-type=\"container\">\n\t\t\t\t\t<div class=\"e-con-inner\">\n\t\t\t\t<div class=\"elementor-element elementor-element-e0572d3 elementor-widget elementor-widget-spacer\" data-id=\"e0572d3\" data-element_type=\"widget\" data-e-type=\"widget\" data-widget_type=\"spacer.default\">\n\t\t\t\t<div class=\"elementor-widget-container\">\n\t\t\t\t\t\t\t<div class=\"elementor-spacer\">\n\t\t\t<div class=\"elementor-spacer-inner\"><\/div>\n\t\t<\/div>\n\t\t\t\t\t\t<\/div>\n\t\t\t\t<\/div>\n\t\t\t\t\t<\/div>\n\t\t\t\t<\/div>\n\t\t<div class=\"elementor-element elementor-element-6e72061b e-con-full e-flex parallax_section_no qode_elementor_container_no e-con e-parent\" data-id=\"6e72061b\" data-element_type=\"container\" data-e-type=\"container\">\n\t\t\t\t<div class=\"elementor-element elementor-element-3d41e91e elementor-widget elementor-widget-heading\" data-id=\"3d41e91e\" data-element_type=\"widget\" data-e-type=\"widget\" data-widget_type=\"heading.default\">\n\t\t\t\t<div class=\"elementor-widget-container\">\n\t\t\t\t\t<h1 class=\"elementor-heading-title elementor-size-default\">MENU DI\u00c1RIO, EVENTOS...<br>EST\u00c1 AQUI atrav\u00e9s do nosso feed do Facebook<\/h1>\t\t\t\t<\/div>\n\t\t\t\t<\/div>\n\t\t\t\t<\/div>\n\t\t<div class=\"elementor-element elementor-element-4ef2b1e e-flex e-con-boxed parallax_section_no qode_elementor_container_no e-con e-parent\" data-id=\"4ef2b1e\" data-element_type=\"container\" data-e-type=\"container\">\n\t\t\t\t\t<div class=\"e-con-inner\">\n\t\t\t\t<div class=\"elementor-element elementor-element-0bc07eb elementor-widget elementor-widget-html\" data-id=\"0bc07eb\" data-element_type=\"widget\" data-e-type=\"widget\" data-widget_type=\"html.default\">\n\t\t\t\t<div class=\"elementor-widget-container\">\n\t\t\t\t\t<script src=\"https:\/\/static.elfsight.com\/platform\/platform.js\" async><\/script> <div class=\"elfsight-app-7fe230b0-e18d-47b8-86ca-04dda5a93e5c\" data-elfsight-app-lazy><\/div>\t\t\t\t<\/div>\n\t\t\t\t<\/div>\n\t\t\t\t\t<\/div>\n\t\t\t\t<\/div>\n\t\t\t\t<\/div>","protected":false},"excerpt":{"rendered":"<p>MENU\u2026<\/p>","protected":false},"author":1,"featured_media":0,"parent":0,"menu_order":0,"comment_status":"closed","ping_status":"closed","template":"full_width.php","meta":{"iawp_total_views":352,"footnotes":""},"class_list":["post-3052","page","type-page","status-publish","hentry"],"yoast_head":"<!-- This site is optimized with the Yoast SEO plugin v27.2 - https:\/\/yoast.com\/product\/yoast-seo-wordpress\/ -->\n<title>News h\u00f4tel L&#039;Angival, h\u00f4tel \u00e0 Bourg Saint Maurice<\/title>\n<meta name=\"description\" content=\"News h\u00f4tel l&#039;Angival. Suivez notre actualit\u00e9 : Plat du jour, recrutement, concerts \u00e0 Bourg Saint Maurice. Parking gratuit\" \/>\n<meta name=\"robots\" content=\"index, follow, max-snippet:-1, max-image-preview:large, max-video-preview:-1\" \/>\n<link rel=\"canonical\" href=\"https:\/\/angival.com\/pt\/noticias-hotel-langival\/\" \/>\n<meta property=\"og:locale\" content=\"pt_BR\" \/>\n<meta property=\"og:type\" content=\"article\" \/>\n<meta property=\"og:title\" content=\"News h\u00f4tel L&#039;Angival, h\u00f4tel \u00e0 Bourg Saint Maurice\" \/>\n<meta property=\"og:description\" content=\"News h\u00f4tel l&#039;Angival. Suivez notre actualit\u00e9 : Plat du jour, recrutement, concerts \u00e0 Bourg Saint Maurice. Parking gratuit\" \/>\n<meta property=\"og:url\" content=\"https:\/\/angival.com\/pt\/noticias-hotel-langival\/\" \/>\n<meta property=\"og:site_name\" content=\"L&#039;Angival, h\u00f4tel \u00e0 Bourg Saint Maurice\" \/>\n<meta property=\"article:publisher\" content=\"https:\/\/www.facebook.com\/profile.php?id=100034489135671\" \/>\n<meta property=\"article:modified_time\" content=\"2025-02-17T07:11:43+00:00\" \/>\n<meta name=\"twitter:card\" content=\"summary_large_image\" \/>\n<meta name=\"twitter:label1\" content=\"Est. tempo de leitura\" \/>\n\t<meta name=\"twitter:data1\" content=\"1 minuto\" \/>\n<script type=\"application\/ld+json\" class=\"yoast-schema-graph\">{\"@context\":\"https:\/\/schema.org\",\"@graph\":[{\"@type\":\"WebPage\",\"@id\":\"https:\/\/angival.com\/news-hotel-langival\/\",\"url\":\"https:\/\/angival.com\/news-hotel-langival\/\",\"name\":\"News h\u00f4tel L&#039;Angival, h\u00f4tel \u00e0 Bourg Saint Maurice\",\"isPartOf\":{\"@id\":\"https:\/\/angival.com\/#website\"},\"datePublished\":\"2023-10-17T10:19:13+00:00\",\"dateModified\":\"2025-02-17T07:11:43+00:00\",\"description\":\"News h\u00f4tel l'Angival. Suivez notre actualit\u00e9 : Plat du jour, recrutement, concerts \u00e0 Bourg Saint Maurice. Parking gratuit\",\"breadcrumb\":{\"@id\":\"https:\/\/angival.com\/news-hotel-langival\/#breadcrumb\"},\"inLanguage\":\"pt-BR\",\"potentialAction\":[{\"@type\":\"ReadAction\",\"target\":[\"https:\/\/angival.com\/news-hotel-langival\/\"]}]},{\"@type\":\"BreadcrumbList\",\"@id\":\"https:\/\/angival.com\/news-hotel-langival\/#breadcrumb\",\"itemListElement\":[{\"@type\":\"ListItem\",\"position\":1,\"name\":\"Accueil\",\"item\":\"https:\/\/angival.com\/\"},{\"@type\":\"ListItem\",\"position\":2,\"name\":\"News\"}]},{\"@type\":\"WebSite\",\"@id\":\"https:\/\/angival.com\/#website\",\"url\":\"https:\/\/angival.com\/\",\"name\":\"L'Angival, h\u00f4tel \u00e0 Bourg Saint Maurice\",\"description\":\"\u00c9tablissement familial\",\"publisher\":{\"@id\":\"https:\/\/angival.com\/#organization\"},\"potentialAction\":[{\"@type\":\"SearchAction\",\"target\":{\"@type\":\"EntryPoint\",\"urlTemplate\":\"https:\/\/angival.com\/?s={search_term_string}\"},\"query-input\":{\"@type\":\"PropertyValueSpecification\",\"valueRequired\":true,\"valueName\":\"search_term_string\"}}],\"inLanguage\":\"pt-BR\"},{\"@type\":\"Organization\",\"@id\":\"https:\/\/angival.com\/#organization\",\"name\":\"L'Angival, h\u00f4tel \u00e0 Bourg Saint Maurice\",\"url\":\"https:\/\/angival.com\/\",\"logo\":{\"@type\":\"ImageObject\",\"inLanguage\":\"pt-BR\",\"@id\":\"https:\/\/angival.com\/#\/schema\/logo\/image\/\",\"url\":\"https:\/\/angival.com\/wp-content\/uploads\/2024\/11\/logo-favicon.png\",\"contentUrl\":\"https:\/\/angival.com\/wp-content\/uploads\/2024\/11\/logo-favicon.png\",\"width\":1535,\"height\":233,\"caption\":\"L'Angival, h\u00f4tel \u00e0 Bourg Saint Maurice\"},\"image\":{\"@id\":\"https:\/\/angival.com\/#\/schema\/logo\/image\/\"},\"sameAs\":[\"https:\/\/www.facebook.com\/profile.php?id=100034489135671\"]}]}<\/script>\n<!-- \/ Yoast SEO plugin. -->","yoast_head_json":{"title":"Not\u00edcias hotel L'Angival, hotel em Bourg Saint Maurice","description":"Not\u00edcias hotel l&#039;Angival. Acompanhe nossas novidades: Especiais di\u00e1rios, recrutamento, shows no Bourg Saint Maurice. Estacionamento gratuito","robots":{"index":"index","follow":"follow","max-snippet":"max-snippet:-1","max-image-preview":"max-image-preview:large","max-video-preview":"max-video-preview:-1"},"canonical":"https:\/\/angival.com\/pt\/noticias-hotel-langival\/","og_locale":"pt_BR","og_type":"article","og_title":"News h\u00f4tel L&#039;Angival, h\u00f4tel \u00e0 Bourg Saint Maurice","og_description":"News h\u00f4tel l'Angival. Suivez notre actualit\u00e9 : Plat du jour, recrutement, concerts \u00e0 Bourg Saint Maurice. Parking gratuit","og_url":"https:\/\/angival.com\/pt\/noticias-hotel-langival\/","og_site_name":"L&#039;Angival, h\u00f4tel \u00e0 Bourg Saint Maurice","article_publisher":"https:\/\/www.facebook.com\/profile.php?id=100034489135671","article_modified_time":"2025-02-17T07:11:43+00:00","twitter_card":"summary_large_image","twitter_misc":{"Est. tempo de leitura":"1 minuto"},"schema":{"@context":"https:\/\/schema.org","@graph":[{"@type":"WebPage","@id":"https:\/\/angival.com\/news-hotel-langival\/","url":"https:\/\/angival.com\/news-hotel-langival\/","name":"Not\u00edcias hotel L'Angival, hotel em Bourg Saint Maurice","isPartOf":{"@id":"https:\/\/angival.com\/#website"},"datePublished":"2023-10-17T10:19:13+00:00","dateModified":"2025-02-17T07:11:43+00:00","description":"Not\u00edcias hotel l&#039;Angival. Acompanhe nossas novidades: Especiais di\u00e1rios, recrutamento, shows no Bourg Saint Maurice. Estacionamento gratuito","breadcrumb":{"@id":"https:\/\/angival.com\/news-hotel-langival\/#breadcrumb"},"inLanguage":"pt-BR","potentialAction":[{"@type":"ReadAction","target":["https:\/\/angival.com\/news-hotel-langival\/"]}]},{"@type":"BreadcrumbList","@id":"https:\/\/angival.com\/news-hotel-langival\/#breadcrumb","itemListElement":[{"@type":"ListItem","position":1,"name":"Accueil","item":"https:\/\/angival.com\/"},{"@type":"ListItem","position":2,"name":"News"}]},{"@type":"WebSite","@id":"https:\/\/angival.com\/#website","url":"https:\/\/angival.com\/","name":"L'Angival, hotel em Bourg Saint Maurice","description":"Estabelecimento familiar","publisher":{"@id":"https:\/\/angival.com\/#organization"},"potentialAction":[{"@type":"SearchAction","target":{"@type":"EntryPoint","urlTemplate":"https:\/\/angival.com\/?s={search_term_string}"},"query-input":{"@type":"PropertyValueSpecification","valueRequired":true,"valueName":"search_term_string"}}],"inLanguage":"pt-BR"},{"@type":"Organization","@id":"https:\/\/angival.com\/#organization","name":"L'Angival, hotel em Bourg Saint Maurice","url":"https:\/\/angival.com\/","logo":{"@type":"ImageObject","inLanguage":"pt-BR","@id":"https:\/\/angival.com\/#\/schema\/logo\/image\/","url":"https:\/\/angival.com\/wp-content\/uploads\/2024\/11\/logo-favicon.png","contentUrl":"https:\/\/angival.com\/wp-content\/uploads\/2024\/11\/logo-favicon.png","width":1535,"height":233,"caption":"L'Angival, h\u00f4tel \u00e0 Bourg Saint Maurice"},"image":{"@id":"https:\/\/angival.com\/#\/schema\/logo\/image\/"},"sameAs":["https:\/\/www.facebook.com\/profile.php?id=100034489135671"]}]}},"_links":{"self":[{"href":"https:\/\/angival.com\/pt\/wp-json\/wp\/v2\/pages\/3052","targetHints":{"allow":["GET"]}}],"collection":[{"href":"https:\/\/angival.com\/pt\/wp-json\/wp\/v2\/pages"}],"about":[{"href":"https:\/\/angival.com\/pt\/wp-json\/wp\/v2\/types\/page"}],"author":[{"embeddable":true,"href":"https:\/\/angival.com\/pt\/wp-json\/wp\/v2\/users\/1"}],"replies":[{"embeddable":true,"href":"https:\/\/angival.com\/pt\/wp-json\/wp\/v2\/comments?post=3052"}],"version-history":[{"count":12,"href":"https:\/\/angival.com\/pt\/wp-json\/wp\/v2\/pages\/3052\/revisions"}],"predecessor-version":[{"id":5481,"href":"https:\/\/angival.com\/pt\/wp-json\/wp\/v2\/pages\/3052\/revisions\/5481"}],"wp:attachment":[{"href":"https:\/\/angival.com\/pt\/wp-json\/wp\/v2\/media?parent=3052"}],"curies":[{"name":"wp","href":"https:\/\/api.w.org\/{rel}","templated":true}]}}