{"id":3,"date":"2024-11-26T15:45:37","date_gmt":"2024-11-26T14:45:37","guid":{"rendered":"https:\/\/angival.com\/?page_id=3"},"modified":"2025-02-13T17:51:09","modified_gmt":"2025-02-13T16:51:09","slug":"%e9%9a%90%e7%a7%81%e6%94%bf%e7%ad%96","status":"publish","type":"page","link":"https:\/\/angival.com\/zh\/%e9%9a%90%e7%a7%81%e6%94%bf%e7%ad%96\/","title":{"rendered":"\u9690\u79c1\u653f\u7b56"},"content":{"rendered":"<p><\/p>\n\n\n\n<h3 class=\"wp-block-heading\">\u7f51\u9875\u8bbe\u8ba1\u4e0e\u5f00\u53d1<\/h3>\n\n\n\n<p>SQUID \u2013 www.agencesquid.com<\/p>\n\n\n\n<h3 class=\"wp-block-heading\">1.\u6cd5\u5f8b\u4fe1\u606f<\/h3>\n\n\n\n<p>\u672c\u7f51\u7ad9\u7684\u51fa\u7248\u5546\u662f SAS SAS MYCHA\uff08\u9152\u5e97 Angival\uff09\uff0c\u5728\u5c1a\u8d1d\u91cc\u8d38\u6613\u548c\u516c\u53f8\u6ce8\u518c\u5904\u6ce8\u518c\uff0c\u5176 SIRET \u7f16\u53f7\u4e3a 937 518 157 00014<\/p>\n\n\n\n<p>\u603b\u90e8\u4f4d\u4e8e\uff1a90 rue Jean Moulin 73700 Bourg Saint Maurice<\/p>\n\n\n\n<p>\u7535\u8bdd\uff1a04 79 100 700<br>\u90ae\u7bb1\uff1ahotel@angivalcom<br>\u51fa\u7248\u603b\u76d1\uff1aGiraud-Pontier \u5148\u751f<\/p>\n\n\n\n<h3 class=\"wp-block-heading\">&nbsp;<\/h3>\n\n\n\n<h3 class=\"wp-block-heading\">2. \u7f51\u7ad9\u6258\u7ba1<\/h3>\n\n\n\n<p>angival.com \u7f51\u7ad9\u7531 OVH \u6258\u7ba1\uff0cOVH \u662f\u4e00\u5bb6\u7b80\u5316\u80a1\u4efd\u516c\u53f8\uff0c\u8d44\u672c\u4e3a 10,000,000 \u6b27\u5143\uff0c\u5728\u9c81\u8d1d-\u56fe\u5c14\u5bbd\u8d38\u6613\u548c\u516c\u53f8\u6ce8\u518c\u5904\u6ce8\u518c\uff0c\u7f16\u53f7\u4e3a 424 761 419 00045\u3002<br>\u603b\u90e8\uff1a2 rue Kellerman 59100 Roubaix France<\/p>\n\n\n\n<h3 class=\"wp-block-heading\">&nbsp;<\/h3>\n\n\n\n<h3 class=\"wp-block-heading\">3.\u77e5\u8bc6\u4ea7\u6743<\/h3>\n\n\n\n<p>\u672c\u7f51\u7ad9\u53ca\u5176\u6240\u6709\u5185\u5bb9\uff08\u7279\u522b\u662f\u5546\u6807\u3001\u5fbd\u6807\u3001\u7f51\u7ad9\u7684\u4efb\u4f55\u56fe\u5f62\u3001\u6587\u672c\u548c\u8ba1\u7b97\u673a\u5143\u7d20\uff0c\u7279\u522b\u662f\u6811\u72b6\u7ed3\u6784\u3001\u683c\u5f0f\u3001\u6587\u7ae0\u3001\u6f14\u793a\u6587\u7a3f\u3001\u63d2\u56fe\u3001\u7167\u7247\u548c\/\u6216\u4efb\u4f55\u5176\u4ed6\u6587\u4ef6\uff09\u53d7\u6cd5\u56fd\u548c\u56fd\u9645\u7248\u6743\u548c\u77e5\u8bc6\u4ea7\u6743\u6cd5\u7684\u4fdd\u62a4\u3002<br>\u4e0d\u5f97\u5bf9\u4f7f\u7528\u8bb8\u53ef\u6216\u4f7f\u7528\u8fd9\u4e9b\u5143\u7d20\u7684\u4efb\u4f55\u6743\u5229\u505a\u51fa\u4efb\u4f55\u89e3\u91ca\u3002<br>\u56e0\u6b64\uff0c\u7981\u6b62\u5bf9\u5176\u5168\u90e8\u6216\u90e8\u5206\u8fdb\u884c\u5c55\u793a\u3001\u590d\u5236\u3001\u53e0\u52a0\u3001\u5206\u53d1\u548c\u518d\u5206\u53d1\uff08\u300a\u77e5\u8bc6\u4ea7\u6743\u6cd5\u300b\u7b2c L.122-4 \u6761\uff09\u3002\u4efb\u4f55\u4eba\u82e5\u672a\u80fd\u63d0\u4f9b\u8fd9\u4e9b\u6743\u5229\u6301\u6709\u4eba\u4e8b\u5148\u660e\u786e\u6388\u6743\u7684\u8bc1\u660e\u800c\u8fdb\u884c\u6b64\u7c7b\u884c\u4e3a\uff0c\u5c06\u53d7\u5230\u4e0e\u5047\u5192\u7f6a\u884c\u76f8\u5173\u7684\u5904\u7f5a\uff08\u300a\u77e5\u8bc6\u4ea7\u6743\u6cd5\u5178\u300b\u7b2c L.335-2 \u6761\u53ca\u4ee5\u4e0b\u6761\u6b3e\uff09\u3002 SAS SAS MYCHA \u53ef\u4ee5\u4f7f\u7528\u5176\u6743\u5229\uff0c\u7279\u522b\u662f\u77e5\u8bc6\u4ea7\u6743\uff0c\u6765\u542f\u52a8\u8bc9\u8bbc\uff0c\u5305\u62ec\u5211\u4e8b\u8bc9\u8bbc\u3002<br>SAS SAS MYCHA \u4fdd\u7559\u968f\u65f6\u6539\u8fdb\u6216\u4fee\u6539\u7f51\u7ad9\u4e0a\u63cf\u8ff0\u7684\u4fe1\u606f\u3001\u4ea7\u54c1\u3001\u7a0b\u5e8f\u6216\u4f7f\u7528\u6761\u4ef6\u7684\u6743\u5229\uff0c\u4e14\u4e0d\u627f\u62c5\u4efb\u4f55\u8d23\u4efb\u3002\u9002\u7528\u7684\u6761\u4ef6\u548c\u901a\u77e5\u5c06\u4e3a\u60a8\u8fde\u63a5\u5230\u672c\u7f51\u7ad9\u4e4b\u65e5\u751f\u6548\u3002<\/p>\n\n\n\n<h3 class=\"wp-block-heading\">4.\u8d85\u6587\u672c\u94fe\u63a5<\/h3>\n\n\n\n<p>\u901a\u8fc7\u5efa\u7acb\u6307\u5411\u5176\u4ed6\u7f51\u7ad9\u7684\u8d85\u94fe\u63a5\u91cd\u5b9a\u5411\u5230\u7b2c\u4e09\u65b9\u7f51\u7ad9\u7684\u7528\u6237\u627f\u8ba4 SAS SAS MYCHA \u4e0d\u63a7\u5236\u8fd9\u4e9b\u7f51\u7ad9\u4e0a\u63d0\u4f9b\u7684\u5185\u5bb9\u3001\u4fe1\u606f\u3001\u4ea7\u54c1\u548c\u670d\u52a1\u3002\u56e0\u6b64\uff0cSAS SAS MYCHA \u5728\u4efb\u4f55\u60c5\u51b5\u4e0b\u5747\u4e0d\u5bf9\u56e0\u4f7f\u7528\u901a\u8fc7\u8d85\u6587\u672c\u94fe\u63a5\u8bbf\u95ee\u7684\u7f51\u7ad9\u800c\u9020\u6210\u7684\u4efb\u4f55\u76f4\u63a5\u6216\u95f4\u63a5\u635f\u5bb3\u627f\u62c5\u8d23\u4efb\u3002<br>SAS SAS MYCHA \u4e5f\u4e0d\u5bf9\u6307\u5411\u8be5\u7f51\u7ad9\u7684\u8d85\u6587\u672c\u94fe\u63a5\u8d1f\u8d23\u3002<br>\u4efb\u4f55\u5e0c\u671b\u5efa\u7acb\u6307\u5411\u672c\u7f51\u7ad9\u7684\u8d85\u6587\u672c\u94fe\u63a5\u7684\u4eba\u58eb\u5fc5\u987b\u4e8b\u5148\u83b7\u5f97 SAS SAS MYCHA \u7684\u4e66\u9762\u6388\u6743\u3002<\/p>\n\n\n\n<h3 class=\"wp-block-heading\">5. \u4fdd\u8bc1\u9650\u5236<\/h3>\n\n\n\n<p>SAS SAS MYCHA \u63d0\u9192\u4e92\u8054\u7f51\u7528\u6237\u6ce8\u610f\u4e92\u8054\u7f51\u7f51\u7edc\u7684\u7279\u70b9\u548c\u5c40\u9650\u6027\u3002 SAS SAS MYCHA \u5bf9\u56e0\u8bbf\u95ee\u672c\u7f51\u7ad9\u6216\u76f8\u53cd\uff0c\u56e0\u65e0\u6cd5\u8bbf\u95ee\u672c\u7f51\u7ad9\u800c\u9020\u6210\u7684\u4efb\u4f55\u635f\u5bb3\u4e0d\u627f\u62c5\u4efb\u4f55\u8d23\u4efb\u3002\u5982\u679c\u7531\u4e8e\u4efb\u4f55\u539f\u56e0\uff08\u6280\u672f\u6545\u969c\u3001\u7f51\u7edc\u62e5\u585e\u7b49\uff09\u5bfc\u81f4\u7f51\u7ad9\u4e0d\u53ef\u7528\uff0cSAS SAS MYCHA \u4e0d\u627f\u62c5\u4efb\u4f55\u8d23\u4efb\u3002<br>\u7528\u6237\u660e\u786e\u627f\u8ba4\uff0c\u5176\u4f7f\u7528\u672c\u7f51\u7ad9\u7684\u98ce\u9669\u7531\u5176\u81ea\u884c\u627f\u62c5\uff0c\u5e76\u7531\u5176\u72ec\u81ea\u627f\u62c5\u8d23\u4efb\u3002 SAS SAS MYCHA \u5bf9\u4e8e\u5bf9\u7528\u6237\u3001\u5176\u8ba1\u7b97\u673a\u6216\u7535\u4fe1\u8bbe\u5907\u3001\u5b58\u50a8\u7684\u6570\u636e\u4ee5\u53ca\u7531\u6b64\u53ef\u80fd\u5bf9\u5176\u4e2a\u4eba\u3001\u4e13\u4e1a\u6216\u5546\u4e1a\u6d3b\u52a8\u9020\u6210\u7684\u540e\u679c\u9020\u6210\u7684\u4efb\u4f55\u76f4\u63a5\u6216\u95f4\u63a5\u3001\u7269\u8d28\u6216\u975e\u7269\u8d28\u635f\u5bb3\u4e0d\u627f\u62c5\u4efb\u4f55\u8d23\u4efb\u3002<br>\u672c\u7f51\u7ad9\u4e0a\u7684\u4fe1\u606f\u4ec5\u4f9b\u53c2\u8003\u3002\u672c\u7f51\u7ad9\u4e0a\u53d1\u5e03\u7684\u4fe1\u606f\u4f1a\u5b9a\u671f\u66f4\u65b0\u548c\u68c0\u67e5\uff0c\u4f46\u4ecd\u7136\u53ef\u80fd\u5305\u542b\u9519\u8bef\u3002\u65e0\u8bba\u5982\u4f55\uff0c\u4fe1\u606f\u5fc5\u987b\u5728\u53d1\u5e03\u5230\u7f51\u4e0a\u65f6\u8003\u8651\uff0c\u800c\u4e0d\u662f\u5728\u67e5\u9605\u7f51\u7ad9\u65f6\u8003\u8651\uff08\u8fd9\u4e9b\u6570\u636e\u53ef\u80fd\u5728\u60a8\u4e0b\u8f7d\u548c\u9605\u8bfb\u4e4b\u95f4\u66f4\u65b0\uff09\u3002\u65e0\u8bba\u5982\u4f55\uff0cSAS SAS MYCHA \u5bf9\u6b64\u4fe1\u606f\u4e0d\u627f\u62c5\u4efb\u4f55\u8d23\u4efb\u3002<\/p>\n\n\n\n<h3 class=\"wp-block-heading\">6. \u7f51\u7ad9\u7684\u4f7f\u7528<\/h3>\n\n\n\n<p>SAS SAS MYCHA \u63d0\u4f9b\u8be5\u7f51\u7ad9\u4e3b\u8981\u4f9b\u5176\u5ba2\u6237\u4ee5\u53ca\u4efb\u4f55\u5e0c\u671b\u4e86\u89e3\u548c\u8d2d\u4e70\u5176\u4ea7\u54c1\u548c\u670d\u52a1\u7684\u4eba\u4f7f\u7528\u3002<br>\u5f53\u60a8\u8fde\u63a5\u5230\u7f51\u7ad9\u65f6\uff1a<br>\u2013 \u60a8\u540c\u610f\u9075\u5b88\u8fd9\u4e9b\u6761\u6b3e\u548c\u6761\u4ef6\uff0c\u4ee5\u53ca\u66f4\u5e7f\u6cdb\u610f\u4e49\u4e0a\u7684\u9002\u7528\u6cd5\u5f8b\uff0c<br>\u2013 \u60a8\u4e0d\u5f97\u6536\u96c6\u6216\u6ee5\u7528\u4efb\u4f55\u4fe1\u606f\uff0c\u7279\u522b\u662f\u60a8\u53ef\u80fd\u8bbf\u95ee\u7684\u4e2a\u4eba\u4fe1\u606f\uff0c\u5e76\u4e14\u4e00\u822c\u4e0d\u5f97\u91c7\u53d6\u4efb\u4f55\u53ef\u80fd\u635f\u5bb3\u7b2c\u4e09\u65b9\u7684\u884c\u4e3a\u3002<br>\u5f53\u60a8\u586b\u5199\u8868\u683c\u5e76\u63d0\u4f9b\u4fe1\u606f\u65f6\uff0c\u5373\u8868\u793a\u60a8\u540c\u610f\uff1a<br>- \u5165\u5883\u65f6\u63d0\u4f9b\u771f\u5b9e\u3001\u51c6\u786e\u548c\u6700\u65b0\u7684\u4fe1\u606f\uff0c\u5c24\u5176\u4e0d\u5f97\u4f7f\u7528\u865a\u5047\u7684\u59d3\u540d\u3001\u5934\u8854\u6216\u5730\u5740\uff0c\u6216\u672a\u7ecf\u6388\u6743\u7684\u59d3\u540d\u3001\u5934\u8854\u6216\u5730\u5740\uff1b<br>\u2013 \u4fdd\u6301\u6ce8\u518c\u6570\u636e\u4e3a\u6700\u65b0\uff0c\u4ee5\u786e\u4fdd\u5176\u59cb\u7ec8\u771f\u5b9e\u51c6\u786e\uff0c<br>\u2013 \u4e0d\u63d0\u4f9b\u6216\u5206\u53d1\u4efb\u4f55\u975e\u6cd5\u3001\u5e94\u53d7\u8c34\u8d23\u6216\u6709\u5bb3\u7684\u4fe1\u606f\u3001\u7a0b\u5e8f\u6216\u5143\u7d20\uff08\u4f8b\u5982\u75c5\u6bd2\u3001\u9ed1\u5ba2\u6216\u590d\u5236\u8f6f\u4ef6\uff09\u3002<br>\u2013 \u4e0d\u4f20\u64ad\u8bfd\u8c24\u3001\u6deb\u79fd\u3001\u66b4\u529b\u3001\u79cd\u65cf\u4e3b\u4e49\u6027\u8d28\u7684\u8bc4\u8bba\u3001\u610f\u89c1\u6216\u4fe1\u606f\uff0c\u4ee5\u53ca\u66f4\u666e\u904d\u8fdd\u53cd\u73b0\u884c\u6cd5\u5f8b\u6cd5\u89c4\u3001\u4e2a\u4eba\u6743\u5229\u548c\u9053\u5fb7\u7684\u8bc4\u8bba\u3001\u610f\u89c1\u6216\u4fe1\u606f\u3002<br>\u5982\u679c\u8fdd\u53cd\u8fd9\u4e9b\u89c4\u5b9a\uff0cSAS SAS MYCHA \u4fdd\u7559\u7981\u6b62\u60a8\u8bbf\u95ee\u672c\u7f51\u7ad9\u6216\u6240\u63d0\u4f9b\u7684\u670d\u52a1\u7684\u6743\u5229\uff0c\u98ce\u9669\u7531\u60a8\u81ea\u884c\u627f\u62c5\uff0c\u4e14\u4e0d\u5f71\u54cd\u4efb\u4f55\u8d23\u4efb\u884c\u52a8\u3002<\/p>\n\n\n\n<p>\u6240\u6536\u96c6\u4e2a\u4eba\u8d44\u6599\u7684\u4f7f\u7528<\/p>\n\n\n\n<h3 class=\"wp-block-heading\">&nbsp;<\/h3>\n\n\n\n<h3 class=\"wp-block-heading\">7. \u8bc4\u8bba<\/h3>\n\n\n\n<p>\u5f53\u60a8\u5728\u6211\u4eec\u7684\u7f51\u7ad9\u4e0a\u53d1\u8868\u8bc4\u8bba\u65f6\uff0c\u6211\u4eec\u4f1a\u6536\u96c6\u8bc4\u8bba\u8868\u5355\u4e2d\u8f93\u5165\u7684\u6570\u636e\u4ee5\u53ca\u60a8\u7684 IP \u5730\u5740\u548c\u6d4f\u89c8\u5668\u7684\u7528\u6237\u4ee3\u7406\uff0c\u4ee5\u5e2e\u52a9\u6211\u4eec\u68c0\u6d4b\u4e0d\u9700\u8981\u7684\u8bc4\u8bba\u3002<\/p>\n\n\n\n<p>\u53ef\u80fd\u4f1a\u5411 Gravatar \u670d\u52a1\u63d0\u4f9b\u4ece\u60a8\u7684\u7535\u5b50\u90ae\u4ef6\u5730\u5740\u521b\u5efa\u7684\u533f\u540d\u5b57\u7b26\u4e32\uff08\u4e5f\u79f0\u4e3a\u54c8\u5e0c\uff09\uff0c\u4ee5\u67e5\u770b\u60a8\u662f\u5426\u6b63\u5728\u4f7f\u7528\u5b83\u3002 Gravatar \u670d\u52a1\u9690\u79c1\u653f\u7b56\u53ef\u5728\u6b64\u5904\u67e5\u770b\uff1ahttps:\/\/automattic.com\/privacy\/\u3002\u5728\u60a8\u7684\u8bc4\u8bba\u5f97\u5230\u9a8c\u8bc1\u540e\uff0c\u60a8\u7684\u4e2a\u4eba\u8d44\u6599\u7167\u7247\u5c06\u516c\u5f00\u663e\u793a\u5728\u8bc4\u8bba\u65c1\u8fb9\u30028.\u5a92\u4f53<\/p>\n\n\n\n<p>\u5982\u679c\u60a8\u662f\u6ce8\u518c\u7528\u6237\u5e76\u6b63\u5728\u5411\u7f51\u7ad9\u4e0a\u4f20\u56fe\u50cf\uff0c\u6211\u4eec\u5efa\u8bae\u60a8\u907f\u514d\u4e0a\u4f20\u5305\u542b EXIF GPS \u5750\u6807\u6570\u636e\u7684\u56fe\u50cf\u3002\u60a8\u7684\u7f51\u7ad9\u8bbf\u95ee\u8005\u53ef\u4ee5\u4ece\u8fd9\u4e9b\u56fe\u50cf\u4e2d\u4e0b\u8f7d\u5e76\u63d0\u53d6\u4f4d\u7f6e\u6570\u636e\u3002<\/p>\n\n\n\n<h3 class=\"wp-block-heading\">&nbsp;<\/h3>\n\n\n\n<h3 class=\"wp-block-heading\">8. Cookie<\/h3>\n\n\n\n<p>\u5982\u679c\u60a8\u5728\u6211\u4eec\u7684\u7f51\u7ad9\u4e0a\u53d1\u8868\u8bc4\u8bba\uff0c\u60a8\u53ef\u4ee5\u9009\u62e9\u5728 cookie \u4e2d\u4fdd\u5b58\u60a8\u7684\u59d3\u540d\u3001\u7535\u5b50\u90ae\u4ef6\u5730\u5740\u548c\u7f51\u7ad9\u3002\u8fd9\u4e9b\u90fd\u662f\u4e3a\u4e86\u60a8\u7684\u65b9\u4fbf\uff0c\u4ee5\u4fbf\u60a8\u4ee5\u540e\u53d1\u8868\u53e6\u4e00\u6761\u8bc4\u8bba\u65f6\u4e0d\u5fc5\u518d\u6b21\u586b\u5199\u60a8\u7684\u8be6\u7ec6\u4fe1\u606f\u3002\u8fd9\u4e9b cookie \u4e00\u5e74\u540e\u8fc7\u671f\u3002<\/p>\n\n\n\n<p>\u5982\u679c\u60a8\u6709\u5e10\u6237\u5e76\u767b\u5f55\u6b64\u7ad9\u70b9\uff0c\u5219\u4f1a\u521b\u5efa\u4e00\u4e2a\u4e34\u65f6 cookie \u6765\u786e\u5b9a\u60a8\u7684\u6d4f\u89c8\u5668\u662f\u5426\u63a5\u53d7 cookie\u3002\u5b83\u4e0d\u5305\u542b\u4efb\u4f55\u4e2a\u4eba\u6570\u636e\uff0c\u5e76\u5c06\u5728\u60a8\u5173\u95ed\u6d4f\u89c8\u5668\u65f6\u81ea\u52a8\u5220\u9664\u3002<\/p>\n\n\n\n<p>\u5f53\u60a8\u767b\u5f55\u65f6\uff0c\u6211\u4eec\u4f1a\u8bbe\u7f6e\u591a\u4e2acookies\u6765\u4fdd\u5b58\u60a8\u7684\u767b\u5f55\u4fe1\u606f\u548c\u5c4f\u5e55\u663e\u793a\u9009\u62e9\u3002\u767b\u5f55 cookie \u7684\u5bff\u547d\u4e3a\u4e24\u5929\uff0c\u5c4f\u5e55\u9009\u9879 cookie \u7684\u5bff\u547d\u4e3a\u4e00\u5e74\u3002\u5982\u679c\u60a8\u9009\u4e2d\u201c\u8bb0\u4f4f\u6211\u201d\uff0c\u60a8\u7684\u767b\u5f55 cookie \u5c06\u88ab\u4fdd\u7559\u4e24\u5468\u3002\u5982\u679c\u60a8\u9000\u51fa\u5e10\u6237\uff0c\u767b\u5f55 cookie \u5c06\u88ab\u5220\u9664\u3002<\/p>\n\n\n\n<p>\u901a\u8fc7\u7f16\u8f91\u6216\u53d1\u5e03\u6587\u7ae0\uff0c\u60a8\u7684\u6d4f\u89c8\u5668\u4e2d\u5c06\u4fdd\u5b58\u4e00\u4e2a\u989d\u5916\u7684 cookie\u3002\u6b64 cookie \u4e0d\u5305\u542b\u4efb\u4f55\u4e2a\u4eba\u6570\u636e\u3002\u5b83\u53ea\u662f\u8868\u660e\u60a8\u521a\u521a\u7f16\u8f91\u7684\u6587\u7ae0\u7684ID\u3002\u4e00\u5929\u540e\u8fc7\u671f\u3002<\/p>\n\n\n\n<h3 class=\"wp-block-heading\">&nbsp;<\/h3>\n\n\n\n<h3 class=\"wp-block-heading\">9. \u6765\u81ea\u5176\u4ed6\u7f51\u7ad9\u7684\u5d4c\u5165\u5185\u5bb9<\/h3>\n\n\n\n<p>\u672c\u7f51\u7ad9\u4e0a\u7684\u6587\u7ae0\u53ef\u80fd\u5305\u542b\u5d4c\u5165\u5185\u5bb9\uff08\u4f8b\u5982\u89c6\u9891\u3001\u56fe\u50cf\u3001\u6587\u7ae0\u7b49\uff09\u3002\u6765\u81ea\u5176\u4ed6\u7f51\u7ad9\u7684\u5d4c\u5165\u5185\u5bb9\u7684\u884c\u4e3a\u65b9\u5f0f\u4e0e\u8bbf\u95ee\u8005\u8bbf\u95ee\u5176\u4ed6\u7f51\u7ad9\u7684\u65b9\u5f0f\u5b8c\u5168\u76f8\u540c\u3002<\/p>\n\n\n\n<p>\u5982\u679c\u60a8\u6709\u5e10\u6237\u5e76\u767b\u5f55\u4e86\u8fd9\u4e9b\u7f51\u7ad9\uff0c\u5b83\u4eec\u53ef\u80fd\u4f1a\u6536\u96c6\u60a8\u7684\u6570\u636e\u3001\u4f7f\u7528 cookie\u3001\u5d4c\u5165\u7b2c\u4e09\u65b9\u8ddf\u8e2a\u5de5\u5177\u5e76\u8ddf\u8e2a\u60a8\u4e0e\u5d4c\u5165\u5185\u5bb9\u7684\u4ea4\u4e92\u3002<\/p>\n\n\n\n<h3 class=\"wp-block-heading\">10. \u60a8\u7684\u6570\u636e\u7684\u5b58\u50a8\u671f\u9650<\/h3>\n\n\n\n<p>\u5982\u679c\u60a8\u53d1\u8868\u8bc4\u8bba\uff0c\u8be5\u8bc4\u8bba\u53ca\u5176\u5143\u6570\u636e\u5c06\u88ab\u65e0\u9650\u671f\u4fdd\u7559\u3002\u8fd9\u4f7f\u6211\u4eec\u80fd\u591f\u81ea\u52a8\u8bc6\u522b\u548c\u6279\u51c6\u540e\u7eed\u8bc4\u8bba\uff0c\u800c\u4e0d\u662f\u5c06\u5b83\u4eec\u7559\u5728\u5ba1\u6838\u961f\u5217\u4e2d\u3002<\/p>\n\n\n\n<p>\u5bf9\u4e8e\u5728\u6211\u4eec\u7684\u7f51\u7ad9\u4e0a\u6ce8\u518c\u7684\u7528\u6237\uff08\u5982\u679c\u9002\u7528\uff09\uff0c\u6211\u4eec\u8fd8\u4f1a\u5b58\u50a8\u4ed6\u4eec\u4e2a\u4eba\u8d44\u6599\u4e2d\u663e\u793a\u7684\u4e2a\u4eba\u6570\u636e\u3002\u6240\u6709\u7528\u6237\u90fd\u53ef\u4ee5\u968f\u65f6\u67e5\u770b\u3001\u7f16\u8f91\u6216\u5220\u9664\u4ed6\u4eec\u7684\u4e2a\u4eba\u4fe1\u606f\uff08\u7528\u6237\u540d\u9664\u5916\uff09\u3002\u7ad9\u70b9\u7ba1\u7406\u5458\u4e5f\u53ef\u4ee5\u67e5\u770b\u548c\u7f16\u8f91\u8fd9\u4e9b\u4fe1\u606f\u3002<\/p>\n\n\n\n<h3 class=\"wp-block-heading\">&nbsp;<\/h3>\n\n\n\n<h3 class=\"wp-block-heading\">11. \u60a8\u5bf9\u6570\u636e\u62e5\u6709\u7684\u6743\u5229<\/h3>\n\n\n\n<p>\u5982\u679c\u60a8\u6709\u8d26\u6237\u6216\u5728\u7f51\u7ad9\u4e0a\u7559\u4e0b\u8bc4\u8bba\uff0c\u60a8\u53ef\u4ee5\u8bf7\u6c42\u63a5\u6536\u5305\u542b\u6211\u4eec\u62e5\u6709\u7684\u5173\u4e8e\u60a8\u7684\u6240\u6709\u4e2a\u4eba\u6570\u636e\u7684\u6587\u4ef6\uff0c\u5305\u62ec\u60a8\u63d0\u4f9b\u7ed9\u6211\u4eec\u7684\u4efb\u4f55\u6570\u636e\u3002\u60a8\u8fd8\u53ef\u4ee5\u8981\u6c42\u5220\u9664\u4e0e\u60a8\u6709\u5173\u7684\u4e2a\u4eba\u6570\u636e\u3002\u8fd9\u4e0d\u5305\u62ec\u4e3a\u884c\u653f\u3001\u6cd5\u5f8b\u6216\u5b89\u5168\u76ee\u7684\u800c\u5b58\u50a8\u7684\u6570\u636e\u3002<\/p>\n\n\n\n<h3 class=\"wp-block-heading\">12. \u60a8\u7684\u4e2a\u4eba\u4fe1\u606f\u7684\u4f20\u8f93<\/h3>\n\n\n\n<p>\u8bbf\u5ba2\u8bc4\u8bba\u53ef\u80fd\u4f1a\u901a\u8fc7\u81ea\u52a8\u5783\u573e\u90ae\u4ef6\u68c0\u6d4b\u670d\u52a1\u8fdb\u884c\u68c0\u67e5\u3002<\/p>\n\n\n\n<h2 class=\"wp-block-heading\">&nbsp;<\/h2>","protected":false},"excerpt":{"rendered":"<p>WEBDESIGN&#8230;<\/p>","protected":false},"author":1,"featured_media":0,"parent":0,"menu_order":0,"comment_status":"closed","ping_status":"closed","template":"","meta":{"iawp_total_views":107,"footnotes":""},"class_list":["post-3","page","type-page","status-publish","hentry"],"yoast_head":"<!-- This site is optimized with the Yoast SEO plugin v27.2 - https:\/\/yoast.com\/product\/yoast-seo-wordpress\/ -->\n<title>Politique de confidentialit\u00e9 - L&#039;Angival, h\u00f4tel \u00e0 Bourg Saint Maurice<\/title>\n<meta name=\"description\" content=\"D\u00e9couvrez notre politique de confidentialit\u00e9\" \/>\n<meta name=\"robots\" content=\"index, follow, max-snippet:-1, max-image-preview:large, max-video-preview:-1\" \/>\n<link rel=\"canonical\" href=\"https:\/\/angival.com\/zh\/\u9690\u79c1\u653f\u7b56\/\" \/>\n<meta property=\"og:locale\" content=\"zh_CN\" \/>\n<meta property=\"og:type\" content=\"article\" \/>\n<meta property=\"og:title\" content=\"Politique de confidentialit\u00e9 - L&#039;Angival, h\u00f4tel \u00e0 Bourg Saint Maurice\" \/>\n<meta property=\"og:description\" content=\"D\u00e9couvrez notre politique de confidentialit\u00e9\" \/>\n<meta property=\"og:url\" content=\"https:\/\/angival.com\/zh\/\u9690\u79c1\u653f\u7b56\/\" \/>\n<meta property=\"og:site_name\" content=\"L&#039;Angival, h\u00f4tel \u00e0 Bourg Saint Maurice\" \/>\n<meta property=\"article:publisher\" content=\"https:\/\/www.facebook.com\/profile.php?id=100034489135671\" \/>\n<meta property=\"article:modified_time\" content=\"2025-02-13T16:51:09+00:00\" \/>\n<meta name=\"twitter:card\" content=\"summary_large_image\" \/>\n<meta name=\"twitter:label1\" content=\"\u9884\u8ba1\u9605\u8bfb\u65f6\u95f4\" \/>\n\t<meta name=\"twitter:data1\" content=\"8 \u5206\" \/>\n<script type=\"application\/ld+json\" class=\"yoast-schema-graph\">{\"@context\":\"https:\/\/schema.org\",\"@graph\":[{\"@type\":\"WebPage\",\"@id\":\"https:\/\/angival.com\/politique-de-confidentialite\/\",\"url\":\"https:\/\/angival.com\/politique-de-confidentialite\/\",\"name\":\"Politique de confidentialit\u00e9 - L&#039;Angival, h\u00f4tel \u00e0 Bourg Saint Maurice\",\"isPartOf\":{\"@id\":\"https:\/\/angival.com\/#website\"},\"datePublished\":\"2024-11-26T14:45:37+00:00\",\"dateModified\":\"2025-02-13T16:51:09+00:00\",\"description\":\"D\u00e9couvrez notre politique de confidentialit\u00e9\",\"breadcrumb\":{\"@id\":\"https:\/\/angival.com\/politique-de-confidentialite\/#breadcrumb\"},\"inLanguage\":\"zh-Hans\",\"potentialAction\":[{\"@type\":\"ReadAction\",\"target\":[\"https:\/\/angival.com\/politique-de-confidentialite\/\"]}]},{\"@type\":\"BreadcrumbList\",\"@id\":\"https:\/\/angival.com\/politique-de-confidentialite\/#breadcrumb\",\"itemListElement\":[{\"@type\":\"ListItem\",\"position\":1,\"name\":\"Accueil\",\"item\":\"https:\/\/angival.com\/\"},{\"@type\":\"ListItem\",\"position\":2,\"name\":\"Politique de confidentialit\u00e9\"}]},{\"@type\":\"WebSite\",\"@id\":\"https:\/\/angival.com\/#website\",\"url\":\"https:\/\/angival.com\/\",\"name\":\"L'Angival, h\u00f4tel \u00e0 Bourg Saint Maurice\",\"description\":\"\u00c9tablissement familial\",\"publisher\":{\"@id\":\"https:\/\/angival.com\/#organization\"},\"potentialAction\":[{\"@type\":\"SearchAction\",\"target\":{\"@type\":\"EntryPoint\",\"urlTemplate\":\"https:\/\/angival.com\/?s={search_term_string}\"},\"query-input\":{\"@type\":\"PropertyValueSpecification\",\"valueRequired\":true,\"valueName\":\"search_term_string\"}}],\"inLanguage\":\"zh-Hans\"},{\"@type\":\"Organization\",\"@id\":\"https:\/\/angival.com\/#organization\",\"name\":\"L'Angival, h\u00f4tel \u00e0 Bourg Saint Maurice\",\"url\":\"https:\/\/angival.com\/\",\"logo\":{\"@type\":\"ImageObject\",\"inLanguage\":\"zh-Hans\",\"@id\":\"https:\/\/angival.com\/#\/schema\/logo\/image\/\",\"url\":\"https:\/\/angival.com\/wp-content\/uploads\/2024\/11\/logo-favicon.png\",\"contentUrl\":\"https:\/\/angival.com\/wp-content\/uploads\/2024\/11\/logo-favicon.png\",\"width\":1535,\"height\":233,\"caption\":\"L'Angival, h\u00f4tel \u00e0 Bourg Saint Maurice\"},\"image\":{\"@id\":\"https:\/\/angival.com\/#\/schema\/logo\/image\/\"},\"sameAs\":[\"https:\/\/www.facebook.com\/profile.php?id=100034489135671\"]}]}<\/script>\n<!-- \/ Yoast SEO plugin. -->","yoast_head_json":{"title":"\u9690\u79c1\u653f\u7b56 - L'Angival\uff0cBourg Saint Maurice \u7684\u9152\u5e97","description":"\u4e86\u89e3\u6211\u4eec\u7684\u9690\u79c1\u653f\u7b56","robots":{"index":"index","follow":"follow","max-snippet":"max-snippet:-1","max-image-preview":"max-image-preview:large","max-video-preview":"max-video-preview:-1"},"canonical":"https:\/\/angival.com\/zh\/\u9690\u79c1\u653f\u7b56\/","og_locale":"zh_CN","og_type":"article","og_title":"Politique de confidentialit\u00e9 - L&#039;Angival, h\u00f4tel \u00e0 Bourg Saint Maurice","og_description":"D\u00e9couvrez notre politique de confidentialit\u00e9","og_url":"https:\/\/angival.com\/zh\/\u9690\u79c1\u653f\u7b56\/","og_site_name":"L&#039;Angival, h\u00f4tel \u00e0 Bourg Saint Maurice","article_publisher":"https:\/\/www.facebook.com\/profile.php?id=100034489135671","article_modified_time":"2025-02-13T16:51:09+00:00","twitter_card":"summary_large_image","twitter_misc":{"\u9884\u8ba1\u9605\u8bfb\u65f6\u95f4":"8 \u5206"},"schema":{"@context":"https:\/\/schema.org","@graph":[{"@type":"WebPage","@id":"https:\/\/angival.com\/politique-de-confidentialite\/","url":"https:\/\/angival.com\/politique-de-confidentialite\/","name":"\u9690\u79c1\u653f\u7b56 - L'Angival\uff0cBourg Saint Maurice \u7684\u9152\u5e97","isPartOf":{"@id":"https:\/\/angival.com\/#website"},"datePublished":"2024-11-26T14:45:37+00:00","dateModified":"2025-02-13T16:51:09+00:00","description":"\u4e86\u89e3\u6211\u4eec\u7684\u9690\u79c1\u653f\u7b56","breadcrumb":{"@id":"https:\/\/angival.com\/politique-de-confidentialite\/#breadcrumb"},"inLanguage":"zh-Hans","potentialAction":[{"@type":"ReadAction","target":["https:\/\/angival.com\/politique-de-confidentialite\/"]}]},{"@type":"BreadcrumbList","@id":"https:\/\/angival.com\/politique-de-confidentialite\/#breadcrumb","itemListElement":[{"@type":"ListItem","position":1,"name":"Accueil","item":"https:\/\/angival.com\/"},{"@type":"ListItem","position":2,"name":"Politique de confidentialit\u00e9"}]},{"@type":"WebSite","@id":"https:\/\/angival.com\/#website","url":"https:\/\/angival.com\/","name":"L'Angival\uff0cBourg Saint Maurice \u7684\u9152\u5e97","description":"\u5bb6\u65cf\u5efa\u7acb","publisher":{"@id":"https:\/\/angival.com\/#organization"},"potentialAction":[{"@type":"SearchAction","target":{"@type":"EntryPoint","urlTemplate":"https:\/\/angival.com\/?s={search_term_string}"},"query-input":{"@type":"PropertyValueSpecification","valueRequired":true,"valueName":"search_term_string"}}],"inLanguage":"zh-Hans"},{"@type":"Organization","@id":"https:\/\/angival.com\/#organization","name":"L'Angival\uff0cBourg Saint Maurice \u7684\u9152\u5e97","url":"https:\/\/angival.com\/","logo":{"@type":"ImageObject","inLanguage":"zh-Hans","@id":"https:\/\/angival.com\/#\/schema\/logo\/image\/","url":"https:\/\/angival.com\/wp-content\/uploads\/2024\/11\/logo-favicon.png","contentUrl":"https:\/\/angival.com\/wp-content\/uploads\/2024\/11\/logo-favicon.png","width":1535,"height":233,"caption":"L'Angival, h\u00f4tel \u00e0 Bourg Saint Maurice"},"image":{"@id":"https:\/\/angival.com\/#\/schema\/logo\/image\/"},"sameAs":["https:\/\/www.facebook.com\/profile.php?id=100034489135671"]}]}},"_links":{"self":[{"href":"https:\/\/angival.com\/zh\/wp-json\/wp\/v2\/pages\/3","targetHints":{"allow":["GET"]}}],"collection":[{"href":"https:\/\/angival.com\/zh\/wp-json\/wp\/v2\/pages"}],"about":[{"href":"https:\/\/angival.com\/zh\/wp-json\/wp\/v2\/types\/page"}],"author":[{"embeddable":true,"href":"https:\/\/angival.com\/zh\/wp-json\/wp\/v2\/users\/1"}],"replies":[{"embeddable":true,"href":"https:\/\/angival.com\/zh\/wp-json\/wp\/v2\/comments?post=3"}],"version-history":[{"count":2,"href":"https:\/\/angival.com\/zh\/wp-json\/wp\/v2\/pages\/3\/revisions"}],"predecessor-version":[{"id":4905,"href":"https:\/\/angival.com\/zh\/wp-json\/wp\/v2\/pages\/3\/revisions\/4905"}],"wp:attachment":[{"href":"https:\/\/angival.com\/zh\/wp-json\/wp\/v2\/media?parent=3"}],"curies":[{"name":"wp","href":"https:\/\/api.w.org\/{rel}","templated":true}]}}