{"id":36413,"date":"2026-03-10T11:37:17","date_gmt":"2026-03-10T10:37:17","guid":{"rendered":"https:\/\/angival.com\/?page_id=36413"},"modified":"2026-03-10T14:03:11","modified_gmt":"2026-03-10T13:03:11","slug":"%e5%b8%83%e5%b0%94%e5%9c%a3%e8%8e%ab%e9%87%8c%e6%96%af%e4%bc%9a%e8%ae%ae%e5%ae%a4","status":"publish","type":"page","link":"https:\/\/angival.com\/zh\/%e5%b8%83%e5%b0%94%e5%9c%a3%e8%8e%ab%e9%87%8c%e6%96%af%e4%bc%9a%e8%ae%ae%e5%ae%a4\/","title":{"rendered":"\u4f1a\u8bae\u5ba4"},"content":{"rendered":"<div data-elementor-type=\"wp-page\" data-elementor-id=\"36413\" class=\"elementor elementor-36413\">\n\t\t\t\t<div class=\"elementor-element elementor-element-396cd0b e-con-full e-flex parallax_section_no qode_elementor_container_no e-con e-parent\" data-id=\"396cd0b\" data-element_type=\"container\" data-e-type=\"container\">\n\t\t\t\t<div class=\"elementor-element elementor-element-e670340 elementor-widget elementor-widget-spacer\" data-id=\"e670340\" data-element_type=\"widget\" data-e-type=\"widget\" data-widget_type=\"spacer.default\">\n\t\t\t\t<div class=\"elementor-widget-container\">\n\t\t\t\t\t\t\t<div class=\"elementor-spacer\">\n\t\t\t<div class=\"elementor-spacer-inner\"><\/div>\n\t\t<\/div>\n\t\t\t\t\t\t<\/div>\n\t\t\t\t<\/div>\n\t\t\t\t<\/div>\n\t\t<div class=\"elementor-element elementor-element-3ab8fce e-flex e-con-boxed parallax_section_no qode_elementor_container_no e-con e-parent\" data-id=\"3ab8fce\" data-element_type=\"container\" data-e-type=\"container\">\n\t\t\t\t\t<div class=\"e-con-inner\">\n\t\t\t\t<div class=\"elementor-element elementor-element-a09ada4 elementor-widget elementor-widget-heading\" data-id=\"a09ada4\" data-element_type=\"widget\" data-e-type=\"widget\" data-widget_type=\"heading.default\">\n\t\t\t\t<div class=\"elementor-widget-container\">\n\t\t\t\t\t<h1 class=\"elementor-heading-title elementor-size-default\">\u6211\u4eec\u5728\u5e03\u5c14\u5723\u83ab\u91cc\u65af\u5e02\u4e2d\u5fc3\u7684\u4f1a\u8bae\u5ba4<\/h1>\t\t\t\t<\/div>\n\t\t\t\t<\/div>\n\t\t\t\t<div class=\"elementor-element elementor-element-141f417 elementor-widget__width-initial elementor-widget elementor-widget-text-editor\" data-id=\"141f417\" data-element_type=\"widget\" data-e-type=\"widget\" data-widget_type=\"text-editor.default\">\n\t\t\t\t<div class=\"elementor-widget-container\">\n\t\t\t\t\t\t\t\t\t<div><span style=\"font-family: Aptos, sans-serif; font-size: medium; color: #ffffff;\"><span style=\"font-size: medium;\">\u4f4d\u4e8e\u5e03\u5c14\u5723\u83ab\u91cc\u65af\u7684 l&#039;Angival \u9152\u5e97\u9910\u5385\u63d0\u4f9b\u6a21\u5757\u5316\u4f1a\u8bae\u5ba4\uff0c\u975e\u5e38\u9002\u5408\u60a8\u7684\u4e13\u4e1a\u4f1a\u8bae\u3001\u57f9\u8bad\u8bfe\u7a0b\u6216\u5c0f\u578b\u56e2\u4f53\u7814\u8ba8\u4f1a\u3002.<\/span><\/span><\/div><div><span style=\"font-family: Aptos, sans-serif; font-size: medium; color: #ffffff;\"><span style=\"font-size: medium;\">\u6211\u4eec\u7684\u7a7a\u95f4\u53ef\u5bb9\u7eb3\u7ea6 16 \u4eba\uff0c\u73af\u5883\u8212\u9002\u5b89\u9759\uff0c\u6709\u5229\u4e8e\u5de5\u4f5c\u548c\u8ba8\u8bba\u3002.<\/span><\/span><\/div>\t\t\t\t\t\t\t\t<\/div>\n\t\t\t\t<\/div>\n\t\t\t\t\t<\/div>\n\t\t\t\t<\/div>\n\t\t<div class=\"elementor-element elementor-element-553d311 e-con-full qode_elementor_container_inner e-flex parallax_section_no e-con e-parent\" data-id=\"553d311\" data-element_type=\"container\" data-e-type=\"container\">\n\t\t<div class=\"elementor-element elementor-element-66fe02e e-con-full qode_elementor_container_inner e-flex parallax_section_no e-con e-child\" data-id=\"66fe02e\" data-element_type=\"container\" data-e-type=\"container\">\n\t\t\t\t<div class=\"elementor-element elementor-element-c9303df elementor-widget__width-initial elementor-widget elementor-widget-bridge_image_with_text\" data-id=\"c9303df\" data-element_type=\"widget\" data-e-type=\"widget\" data-widget_type=\"bridge_image_with_text.default\">\n\t\t\t\t<div class=\"elementor-widget-container\">\n\t\t\t\t\t<div class=\"image_with_text\"><img decoding=\"async\" itemprop=\"image\" src=\"https:\/\/angival.com\/wp-content\/uploads\/2026\/03\/salle-de-reunion-bourg-saint-maurice.jpg\" alt=\"\" \/><h3  class=\"image_with_text_title\"><\/h3><span style=\"margin: 6px 0px;\" class=\"separator transparent\"><\/span><\/div>\t\t\t\t<\/div>\n\t\t\t\t<\/div>\n\t\t\t\t<\/div>\n\t\t<div class=\"elementor-element elementor-element-5fd34be e-con-full e-flex parallax_section_no qode_elementor_container_no e-con e-child\" data-id=\"5fd34be\" data-element_type=\"container\" data-e-type=\"container\">\n\t\t\t\t<div class=\"elementor-element elementor-element-8ed93c3 elementor-widget elementor-widget-text-editor\" data-id=\"8ed93c3\" data-element_type=\"widget\" data-e-type=\"widget\" data-widget_type=\"text-editor.default\">\n\t\t\t\t<div class=\"elementor-widget-container\">\n\t\t\t\t\t\t\t\t\t<h1 class=\"elementor-heading-title elementor-size-default elementor-inline-editing pen\" style=\"background-color: #0b1315; line-height: 61px; font-family: 'Lilita One', sans-serif;\" data-elementor-setting-key=\"title\" data-pen-placeholder=\"\u00c9crivez ici...\">\u8bbe\u5907<\/h1>\t\t\t\t\t\t\t\t<\/div>\n\t\t\t\t<\/div>\n\t\t\t\t<div class=\"elementor-element elementor-element-4076072 elementor-widget__width-initial elementor-widget elementor-widget-text-editor\" data-id=\"4076072\" data-element_type=\"widget\" data-e-type=\"widget\" data-widget_type=\"text-editor.default\">\n\t\t\t\t<div class=\"elementor-widget-container\">\n\t\t\t\t\t\t\t\t\t<ul><li><span style=\"font-family: Aptos, sans-serif; font-size: medium; color: #ffffff;\"><span style=\"font-size: medium;\">\u53ef\u4ee5\u6839\u636e\u60a8\u7684\u9700\u6c42\u8fdb\u884c\u8c03\u6574\u7684\u623f\u95f4<\/span><\/span><\/li><li><span style=\"font-family: Aptos, sans-serif; font-size: medium; color: #ffffff;\"><span style=\"font-size: medium;\">\u9ad8\u901fWi-Fi<\/span><\/span><\/li><li><span style=\"font-family: Aptos, sans-serif; font-size: medium; color: #ffffff;\"><span style=\"font-size: medium;\">\u7528\u4e8e\u6f14\u793a\u7684\u4ea4\u4e92\u5f0f\u5c4f\u5e55<\/span><\/span><\/li><\/ul>\t\t\t\t\t\t\t\t<\/div>\n\t\t\t\t<\/div>\n\t\t\t\t<\/div>\n\t\t\t\t<\/div>\n\t\t<div class=\"elementor-element elementor-element-590381d e-con-full qode_elementor_container_inner e-flex parallax_section_no e-con e-parent\" data-id=\"590381d\" data-element_type=\"container\" data-e-type=\"container\">\n\t\t<div class=\"elementor-element elementor-element-e530e2a e-con-full e-flex parallax_section_no qode_elementor_container_no e-con e-child\" data-id=\"e530e2a\" data-element_type=\"container\" data-e-type=\"container\">\n\t\t\t\t<div class=\"elementor-element elementor-element-aa3dde2 elementor-widget elementor-widget-text-editor\" data-id=\"aa3dde2\" data-element_type=\"widget\" data-e-type=\"widget\" data-widget_type=\"text-editor.default\">\n\t\t\t\t<div class=\"elementor-widget-container\">\n\t\t\t\t\t\t\t\t\t<h1 class=\"elementor-heading-title elementor-size-default elementor-inline-editing pen\" style=\"background-color: #0b1315; line-height: 61px; font-family: 'Lilita One', sans-serif;\" data-elementor-setting-key=\"title\" data-pen-placeholder=\"\u00c9crivez ici...\">\u670d\u52a1<\/h1>\t\t\t\t\t\t\t\t<\/div>\n\t\t\t\t<\/div>\n\t\t\t\t<div class=\"elementor-element elementor-element-d9a6992 elementor-widget__width-initial elementor-widget elementor-widget-text-editor\" data-id=\"d9a6992\" data-element_type=\"widget\" data-e-type=\"widget\" data-widget_type=\"text-editor.default\">\n\t\t\t\t<div class=\"elementor-widget-container\">\n\t\t\t\t\t\t\t\t\t<div><span style=\"font-family: Aptos, sans-serif; font-size: medium; color: #ffffff;\"><span style=\"font-size: medium;\">\u4e3a\u4e86\u8ba9\u60a8\u7684\u5de5\u4f5c\u65e5\u66f4\u52a0\u6109\u5feb\uff0c\u6211\u4eec\u63d0\u4f9b\u4ee5\u4e0b\u51e0\u79cd\u9009\u62e9\uff1a<\/span><\/span><\/div><ul><li><span style=\"font-family: Aptos, sans-serif; font-size: medium; color: #ffffff;\"><span style=\"font-size: medium;\">\u5496\u5561\u4f11\u606f\u65f6\u95f4<\/span><\/span><\/li><li><span style=\"font-family: Aptos, sans-serif; font-size: medium; color: #ffffff;\"><span style=\"font-size: medium;\">\u9910\u5385\u5348\u9910\u83dc\u5355<\/span><\/span><\/li><li><span style=\"font-family: Aptos, sans-serif; font-size: medium; color: #ffffff;\"><span style=\"font-size: medium;\">\u8f7b\u677e\u6109\u5feb\u7684\u9910\u524d\u9152\u4f1a\uff0c\u63d0\u4f9b\u996e\u54c1\u548c\u5171\u4eab\u62fc\u76d8<\/span><\/span><\/li><\/ul>\t\t\t\t\t\t\t\t<\/div>\n\t\t\t\t<\/div>\n\t\t\t\t<\/div>\n\t\t<div class=\"elementor-element elementor-element-7675320 e-con-full qode_elementor_container_inner e-flex parallax_section_no e-con e-child\" data-id=\"7675320\" data-element_type=\"container\" data-e-type=\"container\">\n\t\t\t\t<div class=\"elementor-element elementor-element-c6a120d elementor-widget__width-initial elementor-widget elementor-widget-bridge_image_with_text\" data-id=\"c6a120d\" data-element_type=\"widget\" data-e-type=\"widget\" data-widget_type=\"bridge_image_with_text.default\">\n\t\t\t\t<div class=\"elementor-widget-container\">\n\t\t\t\t\t<div class=\"image_with_text\"><img decoding=\"async\" itemprop=\"image\" src=\"https:\/\/angival.com\/wp-content\/uploads\/2024\/12\/resto3.jpg\" alt=\"\" \/><h3  class=\"image_with_text_title\"><\/h3><span style=\"margin: 6px 0px;\" class=\"separator transparent\"><\/span><\/div>\t\t\t\t<\/div>\n\t\t\t\t<\/div>\n\t\t\t\t<\/div>\n\t\t\t\t<\/div>\n\t\t<div class=\"elementor-element elementor-element-c32834e e-con-full qode_elementor_container_inner e-flex parallax_section_no e-con e-parent\" data-id=\"c32834e\" data-element_type=\"container\" data-e-type=\"container\">\n\t\t<div class=\"elementor-element elementor-element-1a71cc4 e-con-full qode_elementor_container_inner e-flex parallax_section_no e-con e-child\" data-id=\"1a71cc4\" data-element_type=\"container\" data-e-type=\"container\">\n\t\t\t\t<div class=\"elementor-element elementor-element-84b552b elementor-widget__width-initial elementor-widget elementor-widget-bridge_image_with_text\" data-id=\"84b552b\" data-element_type=\"widget\" data-e-type=\"widget\" data-widget_type=\"bridge_image_with_text.default\">\n\t\t\t\t<div class=\"elementor-widget-container\">\n\t\t\t\t\t<div class=\"image_with_text\"><img decoding=\"async\" itemprop=\"image\" src=\"https:\/\/angival.com\/wp-content\/uploads\/2026\/03\/salle-de-reunion-bourg-saint-maurice.jpg\" alt=\"\" \/><h3  class=\"image_with_text_title\"><\/h3><span style=\"margin: 6px 0px;\" class=\"separator transparent\"><\/span><\/div>\t\t\t\t<\/div>\n\t\t\t\t<\/div>\n\t\t\t\t<\/div>\n\t\t<div class=\"elementor-element elementor-element-e6fefef e-con-full e-flex parallax_section_no qode_elementor_container_no e-con e-child\" data-id=\"e6fefef\" data-element_type=\"container\" data-e-type=\"container\">\n\t\t\t\t<div class=\"elementor-element elementor-element-2715fe8 elementor-widget elementor-widget-text-editor\" data-id=\"2715fe8\" data-element_type=\"widget\" data-e-type=\"widget\" data-widget_type=\"text-editor.default\">\n\t\t\t\t<div class=\"elementor-widget-container\">\n\t\t\t\t\t\t\t\t\t<h1 class=\"elementor-heading-title elementor-size-default elementor-inline-editing pen\" style=\"background-color: #0b1315; line-height: 61px; font-family: 'Lilita One', sans-serif;\" data-elementor-setting-key=\"title\" data-pen-placeholder=\"\u00c9crivez ici...\">\u4ef7\u683c<\/h1>\t\t\t\t\t\t\t\t<\/div>\n\t\t\t\t<\/div>\n\t\t\t\t<div class=\"elementor-element elementor-element-f6f9726 elementor-widget__width-initial elementor-widget elementor-widget-text-editor\" data-id=\"f6f9726\" data-element_type=\"widget\" data-e-type=\"widget\" data-widget_type=\"text-editor.default\">\n\t\t\t\t<div class=\"elementor-widget-container\">\n\t\t\t\t\t\t\t\t\t<ul><li><span style=\"font-family: Aptos, sans-serif; font-size: medium; color: #ffffff;\"><span style=\"font-size: medium;\">\u6bcf\u5c0f\u65f6\uff1a25\u6b27\u5143<\/span><\/span><\/li><li><span style=\"font-family: Aptos, sans-serif; font-size: medium; color: #ffffff;\"><span style=\"font-size: medium;\">\u534a\u5929\uff1a60\u6b27\u5143<\/span><\/span><\/li><li><span style=\"font-family: Aptos, sans-serif; font-size: medium; color: #ffffff;\"><span style=\"font-size: medium;\">\u65e5\u7968\uff1a100\u6b27\u5143<\/span><\/span><\/li><li><span style=\"font-family: Aptos, sans-serif; font-size: medium; color: #ffffff;\"><span style=\"font-size: medium;\">\u5496\u5561\u4f11\u606f\u65f6\u95f4\uff1a\u6bcf\u4eba 5 \u6b27\u5143\uff0c\u5305\u542b\uff1a\u5496\u5561\u6216\u8336\u3001\u679c\u6c41\u548c\u7cd5\u70b9\u3002.<\/span><\/span><\/li><li><span style=\"font-family: Aptos, sans-serif; font-size: medium; color: #ffffff;\"><span style=\"font-size: medium;\">\u53ef\u6839\u636e\u8981\u6c42\u63d0\u4f9b\u5348\u9910\u3002<\/span><\/span><\/li><li><span style=\"font-family: Aptos, sans-serif; font-size: medium; color: #ffffff;\"><span style=\"font-size: medium;\">\u5957\u9910\u5305\u542b\u9910\u524d\u9152\u548c\u62fc\u76d8\uff1a\u4ef7\u683c\u9762\u8bae<\/span><\/span><\/li><\/ul>\t\t\t\t\t\t\t\t<\/div>\n\t\t\t\t<\/div>\n\t\t\t\t<\/div>\n\t\t\t\t<\/div>\n\t\t<div class=\"elementor-element elementor-element-746f270 e-flex e-con-boxed parallax_section_no qode_elementor_container_no e-con e-parent\" data-id=\"746f270\" data-element_type=\"container\" data-e-type=\"container\">\n\t\t\t\t\t<div class=\"e-con-inner\">\n\t\t<div class=\"elementor-element elementor-element-0f73823 e-con-full e-flex parallax_section_no qode_elementor_container_no e-con e-child\" data-id=\"0f73823\" data-element_type=\"container\" data-e-type=\"container\">\n\t\t\t\t<div class=\"elementor-element elementor-element-8a97461 elementor-widget__width-initial elementor-widget elementor-widget-text-editor\" data-id=\"8a97461\" data-element_type=\"widget\" data-e-type=\"widget\" data-widget_type=\"text-editor.default\">\n\t\t\t\t<div class=\"elementor-widget-container\">\n\t\t\t\t\t\t\t\t\t<h3><span style=\"font-family: Aptos, sans-serif; font-size: medium; color: #ffffff;\"><span style=\"font-size: medium;\">\u65e0\u8bba\u662f\u51e0\u4e2a\u5c0f\u65f6\u8fd8\u662f\u4e00\u6574\u5929\uff0c\u6211\u4eec\u7684\u56e2\u961f\u90fd\u4f1a\u534f\u52a9\u60a8\u4e2a\u6027\u5316\u5b9a\u5236\u60a8\u7684\u4e13\u4e1a\u6d3b\u52a8\u3002.<\/span><\/span><\/h3><h3><span style=\"font-family: Aptos, sans-serif; font-size: medium; color: #ffffff;\"><span style=\"font-size: medium;\">\u8bf7\u8054\u7cfb\u6211\u4eec\u5b89\u6392\u4e0b\u6b21\u4f1a\u8bae\u3002.<\/span><\/span><\/h3>\t\t\t\t\t\t\t\t<\/div>\n\t\t\t\t<\/div>\n\t\t\t\t<\/div>\n\t\t\t\t\t<\/div>\n\t\t\t\t<\/div>\n\t\t\t\t<\/div>","protected":false},"excerpt":{"rendered":"<p>NOtre&#8230;<\/p>","protected":false},"author":1,"featured_media":0,"parent":0,"menu_order":0,"comment_status":"closed","ping_status":"closed","template":"full_width.php","meta":{"iawp_total_views":26,"footnotes":""},"class_list":["post-36413","page","type-page","status-publish","hentry"],"yoast_head":"<!-- This site is optimized with the Yoast SEO plugin v27.2 - https:\/\/yoast.com\/product\/yoast-seo-wordpress\/ -->\n<title>Salle de r\u00e9union Bourg Saint Maurice L&#039;Angival, h\u00f4tel \u00e0 Bourg Saint Maurice<\/title>\n<meta name=\"description\" content=\"Salle de r\u00e9union Bourg Saint Maurice. L&#039;h\u00f4tel l&#039;Angival vous propose une salle de r\u00e9union \u00e0 Bourg Saint Maurice.\" \/>\n<meta name=\"robots\" content=\"index, follow, max-snippet:-1, max-image-preview:large, max-video-preview:-1\" \/>\n<link rel=\"canonical\" href=\"https:\/\/angival.com\/zh\/\u5e03\u5c14\u5723\u83ab\u91cc\u65af\u4f1a\u8bae\u5ba4\/\" \/>\n<meta property=\"og:locale\" content=\"zh_CN\" \/>\n<meta property=\"og:type\" content=\"article\" \/>\n<meta property=\"og:title\" content=\"Salle de r\u00e9union Bourg Saint Maurice L&#039;Angival, h\u00f4tel \u00e0 Bourg Saint Maurice\" \/>\n<meta property=\"og:description\" content=\"Salle de r\u00e9union Bourg Saint Maurice. L&#039;h\u00f4tel l&#039;Angival vous propose une salle de r\u00e9union \u00e0 Bourg Saint Maurice.\" \/>\n<meta property=\"og:url\" content=\"https:\/\/angival.com\/zh\/\u5e03\u5c14\u5723\u83ab\u91cc\u65af\u4f1a\u8bae\u5ba4\/\" \/>\n<meta property=\"og:site_name\" content=\"L&#039;Angival, h\u00f4tel \u00e0 Bourg Saint Maurice\" \/>\n<meta property=\"article:publisher\" content=\"https:\/\/www.facebook.com\/profile.php?id=100034489135671\" \/>\n<meta property=\"article:modified_time\" content=\"2026-03-10T13:03:11+00:00\" \/>\n<meta property=\"og:image\" content=\"https:\/\/angival.com\/wp-content\/uploads\/2026\/03\/salle-de-reunion-bourg-saint-maurice.jpg\" \/>\n<meta name=\"twitter:card\" content=\"summary_large_image\" \/>\n<meta name=\"twitter:label1\" content=\"\u9884\u8ba1\u9605\u8bfb\u65f6\u95f4\" \/>\n\t<meta name=\"twitter:data1\" content=\"2 \u5206\" \/>\n<script type=\"application\/ld+json\" class=\"yoast-schema-graph\">{\"@context\":\"https:\/\/schema.org\",\"@graph\":[{\"@type\":\"WebPage\",\"@id\":\"https:\/\/angival.com\/salle-de-reunion-bourg-saint-maurice\/\",\"url\":\"https:\/\/angival.com\/salle-de-reunion-bourg-saint-maurice\/\",\"name\":\"Salle de r\u00e9union Bourg Saint Maurice L&#039;Angival, h\u00f4tel \u00e0 Bourg Saint Maurice\",\"isPartOf\":{\"@id\":\"https:\/\/angival.com\/#website\"},\"primaryImageOfPage\":{\"@id\":\"https:\/\/angival.com\/salle-de-reunion-bourg-saint-maurice\/#primaryimage\"},\"image\":{\"@id\":\"https:\/\/angival.com\/salle-de-reunion-bourg-saint-maurice\/#primaryimage\"},\"thumbnailUrl\":\"https:\/\/angival.com\/wp-content\/uploads\/2026\/03\/salle-de-reunion-bourg-saint-maurice.jpg\",\"datePublished\":\"2026-03-10T10:37:17+00:00\",\"dateModified\":\"2026-03-10T13:03:11+00:00\",\"description\":\"Salle de r\u00e9union Bourg Saint Maurice. L'h\u00f4tel l'Angival vous propose une salle de r\u00e9union \u00e0 Bourg Saint Maurice.\",\"breadcrumb\":{\"@id\":\"https:\/\/angival.com\/salle-de-reunion-bourg-saint-maurice\/#breadcrumb\"},\"inLanguage\":\"zh-Hans\",\"potentialAction\":[{\"@type\":\"ReadAction\",\"target\":[\"https:\/\/angival.com\/salle-de-reunion-bourg-saint-maurice\/\"]}]},{\"@type\":\"ImageObject\",\"inLanguage\":\"zh-Hans\",\"@id\":\"https:\/\/angival.com\/salle-de-reunion-bourg-saint-maurice\/#primaryimage\",\"url\":\"https:\/\/angival.com\/wp-content\/uploads\/2026\/03\/salle-de-reunion-bourg-saint-maurice.jpg\",\"contentUrl\":\"https:\/\/angival.com\/wp-content\/uploads\/2026\/03\/salle-de-reunion-bourg-saint-maurice.jpg\"},{\"@type\":\"BreadcrumbList\",\"@id\":\"https:\/\/angival.com\/salle-de-reunion-bourg-saint-maurice\/#breadcrumb\",\"itemListElement\":[{\"@type\":\"ListItem\",\"position\":1,\"name\":\"Accueil\",\"item\":\"https:\/\/angival.com\/\"},{\"@type\":\"ListItem\",\"position\":2,\"name\":\"Salle de r\u00e9union\"}]},{\"@type\":\"WebSite\",\"@id\":\"https:\/\/angival.com\/#website\",\"url\":\"https:\/\/angival.com\/\",\"name\":\"L'Angival, h\u00f4tel \u00e0 Bourg Saint Maurice\",\"description\":\"\u00c9tablissement familial\",\"publisher\":{\"@id\":\"https:\/\/angival.com\/#organization\"},\"potentialAction\":[{\"@type\":\"SearchAction\",\"target\":{\"@type\":\"EntryPoint\",\"urlTemplate\":\"https:\/\/angival.com\/?s={search_term_string}\"},\"query-input\":{\"@type\":\"PropertyValueSpecification\",\"valueRequired\":true,\"valueName\":\"search_term_string\"}}],\"inLanguage\":\"zh-Hans\"},{\"@type\":\"Organization\",\"@id\":\"https:\/\/angival.com\/#organization\",\"name\":\"L'Angival, h\u00f4tel \u00e0 Bourg Saint Maurice\",\"url\":\"https:\/\/angival.com\/\",\"logo\":{\"@type\":\"ImageObject\",\"inLanguage\":\"zh-Hans\",\"@id\":\"https:\/\/angival.com\/#\/schema\/logo\/image\/\",\"url\":\"https:\/\/angival.com\/wp-content\/uploads\/2024\/11\/logo-favicon.png\",\"contentUrl\":\"https:\/\/angival.com\/wp-content\/uploads\/2024\/11\/logo-favicon.png\",\"width\":1535,\"height\":233,\"caption\":\"L'Angival, h\u00f4tel \u00e0 Bourg Saint Maurice\"},\"image\":{\"@id\":\"https:\/\/angival.com\/#\/schema\/logo\/image\/\"},\"sameAs\":[\"https:\/\/www.facebook.com\/profile.php?id=100034489135671\"]}]}<\/script>\n<!-- \/ Yoast SEO plugin. -->","yoast_head_json":{"title":"\u4f1a\u8bae\u5ba4 Bourg Saint Maurice L'Angival\uff0cBourg Saint Maurice \u9152\u5e97","description":"\u4f1a\u8bae\u5ba4 Bourg Saint Maurice\u3002Angival \u9152\u5e97\u63d0\u4f9b Bourg Saint Maurice \u4f1a\u8bae\u5ba4\u3002.","robots":{"index":"index","follow":"follow","max-snippet":"max-snippet:-1","max-image-preview":"max-image-preview:large","max-video-preview":"max-video-preview:-1"},"canonical":"https:\/\/angival.com\/zh\/\u5e03\u5c14\u5723\u83ab\u91cc\u65af\u4f1a\u8bae\u5ba4\/","og_locale":"zh_CN","og_type":"article","og_title":"Salle de r\u00e9union Bourg Saint Maurice L&#039;Angival, h\u00f4tel \u00e0 Bourg Saint Maurice","og_description":"Salle de r\u00e9union Bourg Saint Maurice. L'h\u00f4tel l'Angival vous propose une salle de r\u00e9union \u00e0 Bourg Saint Maurice.","og_url":"https:\/\/angival.com\/zh\/\u5e03\u5c14\u5723\u83ab\u91cc\u65af\u4f1a\u8bae\u5ba4\/","og_site_name":"L&#039;Angival, h\u00f4tel \u00e0 Bourg Saint Maurice","article_publisher":"https:\/\/www.facebook.com\/profile.php?id=100034489135671","article_modified_time":"2026-03-10T13:03:11+00:00","og_image":[{"url":"https:\/\/angival.com\/wp-content\/uploads\/2026\/03\/salle-de-reunion-bourg-saint-maurice.jpg","type":"","width":"","height":""}],"twitter_card":"summary_large_image","twitter_misc":{"\u9884\u8ba1\u9605\u8bfb\u65f6\u95f4":"2 \u5206"},"schema":{"@context":"https:\/\/schema.org","@graph":[{"@type":"WebPage","@id":"https:\/\/angival.com\/salle-de-reunion-bourg-saint-maurice\/","url":"https:\/\/angival.com\/salle-de-reunion-bourg-saint-maurice\/","name":"\u4f1a\u8bae\u5ba4 Bourg Saint Maurice L'Angival\uff0cBourg Saint Maurice \u9152\u5e97","isPartOf":{"@id":"https:\/\/angival.com\/#website"},"primaryImageOfPage":{"@id":"https:\/\/angival.com\/salle-de-reunion-bourg-saint-maurice\/#primaryimage"},"image":{"@id":"https:\/\/angival.com\/salle-de-reunion-bourg-saint-maurice\/#primaryimage"},"thumbnailUrl":"https:\/\/angival.com\/wp-content\/uploads\/2026\/03\/salle-de-reunion-bourg-saint-maurice.jpg","datePublished":"2026-03-10T10:37:17+00:00","dateModified":"2026-03-10T13:03:11+00:00","description":"\u4f1a\u8bae\u5ba4 Bourg Saint Maurice\u3002Angival \u9152\u5e97\u63d0\u4f9b Bourg Saint Maurice \u4f1a\u8bae\u5ba4\u3002.","breadcrumb":{"@id":"https:\/\/angival.com\/salle-de-reunion-bourg-saint-maurice\/#breadcrumb"},"inLanguage":"zh-Hans","potentialAction":[{"@type":"ReadAction","target":["https:\/\/angival.com\/salle-de-reunion-bourg-saint-maurice\/"]}]},{"@type":"ImageObject","inLanguage":"zh-Hans","@id":"https:\/\/angival.com\/salle-de-reunion-bourg-saint-maurice\/#primaryimage","url":"https:\/\/angival.com\/wp-content\/uploads\/2026\/03\/salle-de-reunion-bourg-saint-maurice.jpg","contentUrl":"https:\/\/angival.com\/wp-content\/uploads\/2026\/03\/salle-de-reunion-bourg-saint-maurice.jpg"},{"@type":"BreadcrumbList","@id":"https:\/\/angival.com\/salle-de-reunion-bourg-saint-maurice\/#breadcrumb","itemListElement":[{"@type":"ListItem","position":1,"name":"Accueil","item":"https:\/\/angival.com\/"},{"@type":"ListItem","position":2,"name":"Salle de r\u00e9union"}]},{"@type":"WebSite","@id":"https:\/\/angival.com\/#website","url":"https:\/\/angival.com\/","name":"L'Angival\uff0cBourg Saint Maurice \u7684\u9152\u5e97","description":"\u5bb6\u65cf\u5efa\u7acb","publisher":{"@id":"https:\/\/angival.com\/#organization"},"potentialAction":[{"@type":"SearchAction","target":{"@type":"EntryPoint","urlTemplate":"https:\/\/angival.com\/?s={search_term_string}"},"query-input":{"@type":"PropertyValueSpecification","valueRequired":true,"valueName":"search_term_string"}}],"inLanguage":"zh-Hans"},{"@type":"Organization","@id":"https:\/\/angival.com\/#organization","name":"L'Angival\uff0cBourg Saint Maurice \u7684\u9152\u5e97","url":"https:\/\/angival.com\/","logo":{"@type":"ImageObject","inLanguage":"zh-Hans","@id":"https:\/\/angival.com\/#\/schema\/logo\/image\/","url":"https:\/\/angival.com\/wp-content\/uploads\/2024\/11\/logo-favicon.png","contentUrl":"https:\/\/angival.com\/wp-content\/uploads\/2024\/11\/logo-favicon.png","width":1535,"height":233,"caption":"L'Angival, h\u00f4tel \u00e0 Bourg Saint Maurice"},"image":{"@id":"https:\/\/angival.com\/#\/schema\/logo\/image\/"},"sameAs":["https:\/\/www.facebook.com\/profile.php?id=100034489135671"]}]}},"_links":{"self":[{"href":"https:\/\/angival.com\/zh\/wp-json\/wp\/v2\/pages\/36413","targetHints":{"allow":["GET"]}}],"collection":[{"href":"https:\/\/angival.com\/zh\/wp-json\/wp\/v2\/pages"}],"about":[{"href":"https:\/\/angival.com\/zh\/wp-json\/wp\/v2\/types\/page"}],"author":[{"embeddable":true,"href":"https:\/\/angival.com\/zh\/wp-json\/wp\/v2\/users\/1"}],"replies":[{"embeddable":true,"href":"https:\/\/angival.com\/zh\/wp-json\/wp\/v2\/comments?post=36413"}],"version-history":[{"count":34,"href":"https:\/\/angival.com\/zh\/wp-json\/wp\/v2\/pages\/36413\/revisions"}],"predecessor-version":[{"id":36463,"href":"https:\/\/angival.com\/zh\/wp-json\/wp\/v2\/pages\/36413\/revisions\/36463"}],"wp:attachment":[{"href":"https:\/\/angival.com\/zh\/wp-json\/wp\/v2\/media?parent=36413"}],"curies":[{"name":"wp","href":"https:\/\/api.w.org\/{rel}","templated":true}]}}