{"id":5922,"date":"2025-02-10T17:03:47","date_gmt":"2025-02-10T16:03:47","guid":{"rendered":"https:\/\/angival.com\/?page_id=5922"},"modified":"2025-05-23T11:24:44","modified_gmt":"2025-05-23T09:24:44","slug":"%e7%ba%a6%e5%b8%83%e5%a0%a1%e5%9c%a3%e8%8e%ab%e9%87%8c%e6%96%af","status":"publish","type":"page","link":"https:\/\/angival.com\/zh\/%e7%ba%a6%e5%b8%83%e5%a0%a1%e5%9c%a3%e8%8e%ab%e9%87%8c%e6%96%af\/","title":{"rendered":"\u62db\u8058"},"content":{"rendered":"<div data-elementor-type=\"wp-page\" data-elementor-id=\"5922\" class=\"elementor elementor-5922\">\n\t\t\t\t<div class=\"elementor-element elementor-element-d1a266d e-flex e-con-boxed parallax_section_no qode_elementor_container_no e-con e-parent\" data-id=\"d1a266d\" data-element_type=\"container\" data-e-type=\"container\">\n\t\t\t\t\t<div class=\"e-con-inner\">\n\t\t\t\t<div class=\"elementor-element elementor-element-e0572d3 elementor-widget elementor-widget-spacer\" data-id=\"e0572d3\" data-element_type=\"widget\" data-e-type=\"widget\" data-widget_type=\"spacer.default\">\n\t\t\t\t<div class=\"elementor-widget-container\">\n\t\t\t\t\t\t\t<div class=\"elementor-spacer\">\n\t\t\t<div class=\"elementor-spacer-inner\"><\/div>\n\t\t<\/div>\n\t\t\t\t\t\t<\/div>\n\t\t\t\t<\/div>\n\t\t\t\t\t<\/div>\n\t\t\t\t<\/div>\n\t\t<div class=\"elementor-element elementor-element-6e72061b e-con-full e-flex parallax_section_no qode_elementor_container_no e-con e-parent\" data-id=\"6e72061b\" data-element_type=\"container\" data-e-type=\"container\">\n\t\t\t\t<div class=\"elementor-element elementor-element-3d41e91e elementor-widget elementor-widget-heading\" data-id=\"3d41e91e\" data-element_type=\"widget\" data-e-type=\"widget\" data-widget_type=\"heading.default\">\n\t\t\t\t<div class=\"elementor-widget-container\">\n\t\t\t\t\t<h1 class=\"elementor-heading-title elementor-size-default\">\u4f60\u613f\u610f\u52a0\u5165\u6211\u4eec\u5417\uff1f <\/h1>\t\t\t\t<\/div>\n\t\t\t\t<\/div>\n\t\t\t\t<div class=\"elementor-element elementor-element-bbe2d12 elementor-widget elementor-widget-text-editor\" data-id=\"bbe2d12\" data-element_type=\"widget\" data-e-type=\"widget\" data-widget_type=\"text-editor.default\">\n\t\t\t\t<div class=\"elementor-widget-container\">\n\t\t\t\t\t\t\t\t\t<h3 style=\"text-align: center;\">\u8bf7\u5728\u4e0b\u65b9\u67e5\u627e\u6211\u4eec\u7684\u5de5\u4f5c\u673a\u4f1a\u3002\u5982\u9700\u7533\u8bf7\uff0c\u8bf7\u81f4\u7535 +33 4 79 07 27 97 \u6216\u53d1\u9001\u7535\u5b50\u90ae\u4ef6\u81f3 hotel@angival.com \u8054\u7cfb\u6211\u4eec\u00a0<\/h3>\t\t\t\t\t\t\t\t<\/div>\n\t\t\t\t<\/div>\n\t\t\t\t<\/div>\n\t\t<div class=\"elementor-element elementor-element-40dae22 e-flex e-con-boxed parallax_section_no qode_elementor_container_no e-con e-parent\" data-id=\"40dae22\" data-element_type=\"container\" data-e-type=\"container\">\n\t\t\t\t\t<div class=\"e-con-inner\">\n\t\t\t\t<div class=\"elementor-element elementor-element-c15ac1c elementor-widget elementor-widget-bridge_button\" data-id=\"c15ac1c\" data-element_type=\"widget\" data-e-type=\"widget\" data-widget_type=\"bridge_button.default\">\n\t\t\t\t<div class=\"elementor-widget-container\">\n\t\t\t\t\t<a  itemprop=\"url\" href=\"https:\/\/angival.com\/wp-content\/uploads\/2025\/05\/Annonce-commis_CDI.pdf\" target=\"_self\" data-hover-background-color=\"#0EB8C4\" data-hover-color=\"#FFFFFF\" class=\"qbutton  default\" style=\"color: #FFFFFF; background-color:#94C1DC;\">\u53a8\u623f\u52a9\u7406\u804c\u4f4d<\/a>\t\t\t\t<\/div>\n\t\t\t\t<\/div>\n\t\t<div class=\"elementor-element elementor-element-756d51e e-con-full e-flex parallax_section_no qode_elementor_container_no e-con e-child\" data-id=\"756d51e\" data-element_type=\"container\" data-e-type=\"container\">\n\t\t\t\t<\/div>\n\t\t\t\t\t<\/div>\n\t\t\t\t<\/div>\n\t\t<div class=\"elementor-element elementor-element-e3a8193 e-flex e-con-boxed parallax_section_no qode_elementor_container_no e-con e-parent\" data-id=\"e3a8193\" data-element_type=\"container\" data-e-type=\"container\">\n\t\t\t\t\t<div class=\"e-con-inner\">\n\t\t\t\t<div class=\"elementor-element elementor-element-21bb637 elementor-widget elementor-widget-bridge_button\" data-id=\"21bb637\" data-element_type=\"widget\" data-e-type=\"widget\" data-widget_type=\"bridge_button.default\">\n\t\t\t\t<div class=\"elementor-widget-container\">\n\t\t\t\t\t<a  itemprop=\"url\" href=\"https:\/\/angival.com\/wp-content\/uploads\/2025\/05\/Annonce-cuisinier_CDD.pdf\" target=\"_self\" data-hover-background-color=\"#0EB8C4\" data-hover-color=\"#FFFFFF\" class=\"qbutton  default\" style=\"color: #FFFFFF; background-color:#94C1DC;\">\u70f9\u996a\u4f4d\u7f6e<\/a>\t\t\t\t<\/div>\n\t\t\t\t<\/div>\n\t\t<div class=\"elementor-element elementor-element-f2154a6 e-con-full e-flex parallax_section_no qode_elementor_container_no e-con e-child\" data-id=\"f2154a6\" data-element_type=\"container\" data-e-type=\"container\">\n\t\t\t\t<div class=\"elementor-element elementor-element-c1c3aa2 elementor-widget elementor-widget-spacer\" data-id=\"c1c3aa2\" data-element_type=\"widget\" data-e-type=\"widget\" data-widget_type=\"spacer.default\">\n\t\t\t\t<div class=\"elementor-widget-container\">\n\t\t\t\t\t\t\t<div class=\"elementor-spacer\">\n\t\t\t<div class=\"elementor-spacer-inner\"><\/div>\n\t\t<\/div>\n\t\t\t\t\t\t<\/div>\n\t\t\t\t<\/div>\n\t\t\t\t<\/div>\n\t\t\t\t\t<\/div>\n\t\t\t\t<\/div>\n\t\t\t\t<\/div>","protected":false},"excerpt":{"rendered":"<p>\u4f60\u2026<\/p>","protected":false},"author":1,"featured_media":0,"parent":0,"menu_order":0,"comment_status":"closed","ping_status":"closed","template":"full_width.php","meta":{"iawp_total_views":392,"footnotes":""},"class_list":["post-5922","page","type-page","status-publish","hentry"],"yoast_head":"<!-- This site is optimized with the Yoast SEO plugin v27.2 - https:\/\/yoast.com\/product\/yoast-seo-wordpress\/ -->\n<title>Emploi Bourg Saint Maurice - L&#039;Angival, h\u00f4tel \u00e0 Bourg Saint Maurice<\/title>\n<meta name=\"description\" content=\"Emploi BOURG SAINT MAURICE. Nous recrutons au sein de n\u00f4tre h\u00f4tel\/bar\/restaurant. Plus d&#039;information sur cette page.\" \/>\n<meta name=\"robots\" content=\"index, follow, max-snippet:-1, max-image-preview:large, max-video-preview:-1\" \/>\n<link rel=\"canonical\" href=\"https:\/\/angival.com\/zh\/\u7ea6\u5e03\u5821\u5723\u83ab\u91cc\u65af\/\" \/>\n<meta property=\"og:locale\" content=\"zh_CN\" \/>\n<meta property=\"og:type\" content=\"article\" \/>\n<meta property=\"og:title\" content=\"Emploi Bourg Saint Maurice - L&#039;Angival, h\u00f4tel \u00e0 Bourg Saint Maurice\" \/>\n<meta property=\"og:description\" content=\"Emploi BOURG SAINT MAURICE. Nous recrutons au sein de n\u00f4tre h\u00f4tel\/bar\/restaurant. Plus d&#039;information sur cette page.\" \/>\n<meta property=\"og:url\" content=\"https:\/\/angival.com\/zh\/\u7ea6\u5e03\u5821\u5723\u83ab\u91cc\u65af\/\" \/>\n<meta property=\"og:site_name\" content=\"L&#039;Angival, h\u00f4tel \u00e0 Bourg Saint Maurice\" \/>\n<meta property=\"article:publisher\" content=\"https:\/\/www.facebook.com\/profile.php?id=100034489135671\" \/>\n<meta property=\"article:modified_time\" content=\"2025-05-23T09:24:44+00:00\" \/>\n<meta name=\"twitter:card\" content=\"summary_large_image\" \/>\n<meta name=\"twitter:label1\" content=\"\u9884\u8ba1\u9605\u8bfb\u65f6\u95f4\" \/>\n\t<meta name=\"twitter:data1\" content=\"1 \u5206\" \/>\n<script type=\"application\/ld+json\" class=\"yoast-schema-graph\">{\"@context\":\"https:\/\/schema.org\",\"@graph\":[{\"@type\":\"WebPage\",\"@id\":\"https:\/\/angival.com\/emploi-bourg-saint-maurice\/\",\"url\":\"https:\/\/angival.com\/emploi-bourg-saint-maurice\/\",\"name\":\"Emploi Bourg Saint Maurice - L&#039;Angival, h\u00f4tel \u00e0 Bourg Saint Maurice\",\"isPartOf\":{\"@id\":\"https:\/\/angival.com\/#website\"},\"datePublished\":\"2025-02-10T16:03:47+00:00\",\"dateModified\":\"2025-05-23T09:24:44+00:00\",\"description\":\"Emploi BOURG SAINT MAURICE. Nous recrutons au sein de n\u00f4tre h\u00f4tel\/bar\/restaurant. Plus d'information sur cette page.\",\"breadcrumb\":{\"@id\":\"https:\/\/angival.com\/emploi-bourg-saint-maurice\/#breadcrumb\"},\"inLanguage\":\"zh-Hans\",\"potentialAction\":[{\"@type\":\"ReadAction\",\"target\":[\"https:\/\/angival.com\/emploi-bourg-saint-maurice\/\"]}]},{\"@type\":\"BreadcrumbList\",\"@id\":\"https:\/\/angival.com\/emploi-bourg-saint-maurice\/#breadcrumb\",\"itemListElement\":[{\"@type\":\"ListItem\",\"position\":1,\"name\":\"Accueil\",\"item\":\"https:\/\/angival.com\/\"},{\"@type\":\"ListItem\",\"position\":2,\"name\":\"Recrutement\"}]},{\"@type\":\"WebSite\",\"@id\":\"https:\/\/angival.com\/#website\",\"url\":\"https:\/\/angival.com\/\",\"name\":\"L'Angival, h\u00f4tel \u00e0 Bourg Saint Maurice\",\"description\":\"\u00c9tablissement familial\",\"publisher\":{\"@id\":\"https:\/\/angival.com\/#organization\"},\"potentialAction\":[{\"@type\":\"SearchAction\",\"target\":{\"@type\":\"EntryPoint\",\"urlTemplate\":\"https:\/\/angival.com\/?s={search_term_string}\"},\"query-input\":{\"@type\":\"PropertyValueSpecification\",\"valueRequired\":true,\"valueName\":\"search_term_string\"}}],\"inLanguage\":\"zh-Hans\"},{\"@type\":\"Organization\",\"@id\":\"https:\/\/angival.com\/#organization\",\"name\":\"L'Angival, h\u00f4tel \u00e0 Bourg Saint Maurice\",\"url\":\"https:\/\/angival.com\/\",\"logo\":{\"@type\":\"ImageObject\",\"inLanguage\":\"zh-Hans\",\"@id\":\"https:\/\/angival.com\/#\/schema\/logo\/image\/\",\"url\":\"https:\/\/angival.com\/wp-content\/uploads\/2024\/11\/logo-favicon.png\",\"contentUrl\":\"https:\/\/angival.com\/wp-content\/uploads\/2024\/11\/logo-favicon.png\",\"width\":1535,\"height\":233,\"caption\":\"L'Angival, h\u00f4tel \u00e0 Bourg Saint Maurice\"},\"image\":{\"@id\":\"https:\/\/angival.com\/#\/schema\/logo\/image\/\"},\"sameAs\":[\"https:\/\/www.facebook.com\/profile.php?id=100034489135671\"]}]}<\/script>\n<!-- \/ Yoast SEO plugin. -->","yoast_head_json":{"title":"\u5de5\u4f5c Bourg Saint Maurice - L'Angival\uff0cBourg Saint Maurice \u9152\u5e97","description":"\u5de5\u4f5c BOURG SAINT MAURICE\u3002\u6211\u4eec\u6b63\u5728\u9152\u5e97\/\u9152\u5427\/\u9910\u5385\u5185\u62db\u8058\u3002\u66f4\u591a\u4fe1\u606f\u8bf7\u53c2\u9605\u6b64\u9875\u9762\u3002","robots":{"index":"index","follow":"follow","max-snippet":"max-snippet:-1","max-image-preview":"max-image-preview:large","max-video-preview":"max-video-preview:-1"},"canonical":"https:\/\/angival.com\/zh\/\u7ea6\u5e03\u5821\u5723\u83ab\u91cc\u65af\/","og_locale":"zh_CN","og_type":"article","og_title":"Emploi Bourg Saint Maurice - L&#039;Angival, h\u00f4tel \u00e0 Bourg Saint Maurice","og_description":"Emploi BOURG SAINT MAURICE. Nous recrutons au sein de n\u00f4tre h\u00f4tel\/bar\/restaurant. Plus d'information sur cette page.","og_url":"https:\/\/angival.com\/zh\/\u7ea6\u5e03\u5821\u5723\u83ab\u91cc\u65af\/","og_site_name":"L&#039;Angival, h\u00f4tel \u00e0 Bourg Saint Maurice","article_publisher":"https:\/\/www.facebook.com\/profile.php?id=100034489135671","article_modified_time":"2025-05-23T09:24:44+00:00","twitter_card":"summary_large_image","twitter_misc":{"\u9884\u8ba1\u9605\u8bfb\u65f6\u95f4":"1 \u5206"},"schema":{"@context":"https:\/\/schema.org","@graph":[{"@type":"WebPage","@id":"https:\/\/angival.com\/emploi-bourg-saint-maurice\/","url":"https:\/\/angival.com\/emploi-bourg-saint-maurice\/","name":"\u5de5\u4f5c Bourg Saint Maurice - L'Angival\uff0cBourg Saint Maurice \u9152\u5e97","isPartOf":{"@id":"https:\/\/angival.com\/#website"},"datePublished":"2025-02-10T16:03:47+00:00","dateModified":"2025-05-23T09:24:44+00:00","description":"\u5de5\u4f5c BOURG SAINT MAURICE\u3002\u6211\u4eec\u6b63\u5728\u9152\u5e97\/\u9152\u5427\/\u9910\u5385\u5185\u62db\u8058\u3002\u66f4\u591a\u4fe1\u606f\u8bf7\u53c2\u9605\u6b64\u9875\u9762\u3002","breadcrumb":{"@id":"https:\/\/angival.com\/emploi-bourg-saint-maurice\/#breadcrumb"},"inLanguage":"zh-Hans","potentialAction":[{"@type":"ReadAction","target":["https:\/\/angival.com\/emploi-bourg-saint-maurice\/"]}]},{"@type":"BreadcrumbList","@id":"https:\/\/angival.com\/emploi-bourg-saint-maurice\/#breadcrumb","itemListElement":[{"@type":"ListItem","position":1,"name":"Accueil","item":"https:\/\/angival.com\/"},{"@type":"ListItem","position":2,"name":"Recrutement"}]},{"@type":"WebSite","@id":"https:\/\/angival.com\/#website","url":"https:\/\/angival.com\/","name":"L'Angival\uff0cBourg Saint Maurice \u7684\u9152\u5e97","description":"\u5bb6\u65cf\u5efa\u7acb","publisher":{"@id":"https:\/\/angival.com\/#organization"},"potentialAction":[{"@type":"SearchAction","target":{"@type":"EntryPoint","urlTemplate":"https:\/\/angival.com\/?s={search_term_string}"},"query-input":{"@type":"PropertyValueSpecification","valueRequired":true,"valueName":"search_term_string"}}],"inLanguage":"zh-Hans"},{"@type":"Organization","@id":"https:\/\/angival.com\/#organization","name":"L'Angival\uff0cBourg Saint Maurice \u7684\u9152\u5e97","url":"https:\/\/angival.com\/","logo":{"@type":"ImageObject","inLanguage":"zh-Hans","@id":"https:\/\/angival.com\/#\/schema\/logo\/image\/","url":"https:\/\/angival.com\/wp-content\/uploads\/2024\/11\/logo-favicon.png","contentUrl":"https:\/\/angival.com\/wp-content\/uploads\/2024\/11\/logo-favicon.png","width":1535,"height":233,"caption":"L'Angival, h\u00f4tel \u00e0 Bourg Saint Maurice"},"image":{"@id":"https:\/\/angival.com\/#\/schema\/logo\/image\/"},"sameAs":["https:\/\/www.facebook.com\/profile.php?id=100034489135671"]}]}},"_links":{"self":[{"href":"https:\/\/angival.com\/zh\/wp-json\/wp\/v2\/pages\/5922","targetHints":{"allow":["GET"]}}],"collection":[{"href":"https:\/\/angival.com\/zh\/wp-json\/wp\/v2\/pages"}],"about":[{"href":"https:\/\/angival.com\/zh\/wp-json\/wp\/v2\/types\/page"}],"author":[{"embeddable":true,"href":"https:\/\/angival.com\/zh\/wp-json\/wp\/v2\/users\/1"}],"replies":[{"embeddable":true,"href":"https:\/\/angival.com\/zh\/wp-json\/wp\/v2\/comments?post=5922"}],"version-history":[{"count":46,"href":"https:\/\/angival.com\/zh\/wp-json\/wp\/v2\/pages\/5922\/revisions"}],"predecessor-version":[{"id":15738,"href":"https:\/\/angival.com\/zh\/wp-json\/wp\/v2\/pages\/5922\/revisions\/15738"}],"wp:attachment":[{"href":"https:\/\/angival.com\/zh\/wp-json\/wp\/v2\/media?parent=5922"}],"curies":[{"name":"wp","href":"https:\/\/api.w.org\/{rel}","templated":true}]}}